{"id":11982,"date":"2025-12-31T13:03:35","date_gmt":"2025-12-31T13:03:35","guid":{"rendered":"https:\/\/www.lacavedeslecteurs.com\/index.php\/product\/chateau-de-caraguilhes-cara-bio\/"},"modified":"2026-02-13T15:41:16","modified_gmt":"2026-02-13T15:41:16","slug":"chateau-de-caraguilhes-cara-bio","status":"publish","type":"product","link":"https:\/\/www.lacavedeslecteurs.com\/index.php\/product\/chateau-de-caraguilhes-cara-bio\/","title":{"rendered":"Ch\u00e2teau de Caraguilhes Cara BIO - 2021"},"content":{"rendered":"<p>\u00c0 30km de la Mer M\u00e9diterran\u00e9e, le vignoble mill\u00e9naire du Ch\u00e2teau de Caraguilhes est prot\u00e9g\u00e9 naturellement par 500 hectares de garrigue, travers\u00e9s par la Tramontane, un vent glacial insufflant beaucoup de fra\u00eecheur l\u2019\u00e9t\u00e9. Le plus important producteur de Corbi\u00e8res certifi\u00e9 BIO entend \u00e9laborer des vins qui \u00ab parlent \u00bb eux-m\u00eames de l\u2019environnement extraordinaire de Caraguilhes.<\/p>\n","protected":false},"excerpt":{"rendered":"<p>\u00c0 30km de la Mer M\u00e9diterran\u00e9e, le vignoble mill\u00e9naire du Ch\u00e2teau de Caraguilhes est prot\u00e9g\u00e9 naturellement par 500 hectares de garrigue, travers\u00e9s par la Tramontane, un vent glacial insufflant beaucoup de fra\u00eecheur l\u2019\u00e9t\u00e9. Le plus important producteur de Corbi\u00e8res certifi\u00e9 BIO entend \u00e9laborer des vins qui \u00ab parlent \u00bb eux-m\u00eames de l\u2019environnement extraordinaire de Caraguilhes.<\/p>\n","protected":false},"featured_media":17095,"comment_status":"open","ping_status":"closed","template":"","meta":[],"product_brand":[],"product_cat":[365,138,55,54],"product_tag":[],"class_list":{"0":"post-11982","1":"product","2":"type-product","3":"status-publish","4":"has-post-thumbnail","6":"product_cat-categorie","7":"product_cat-couleurs","8":"product_cat-rose","9":"product_cat-vins-du-sud","11":"first","12":"instock","13":"sale","14":"taxable","15":"shipping-taxable","16":"purchasable","17":"product-type-simple"},"_links":{"self":[{"href":"https:\/\/www.lacavedeslecteurs.com\/index.php\/wp-json\/wp\/v2\/product\/11982","targetHints":{"allow":["GET"]}}],"collection":[{"href":"https:\/\/www.lacavedeslecteurs.com\/index.php\/wp-json\/wp\/v2\/product"}],"about":[{"href":"https:\/\/www.lacavedeslecteurs.com\/index.php\/wp-json\/wp\/v2\/types\/product"}],"replies":[{"embeddable":true,"href":"https:\/\/www.lacavedeslecteurs.com\/index.php\/wp-json\/wp\/v2\/comments?post=11982"}],"wp:featuredmedia":[{"embeddable":true,"href":"https:\/\/www.lacavedeslecteurs.com\/index.php\/wp-json\/wp\/v2\/media\/17095"}],"wp:attachment":[{"href":"https:\/\/www.lacavedeslecteurs.com\/index.php\/wp-json\/wp\/v2\/media?parent=11982"}],"wp:term":[{"taxonomy":"product_brand","embeddable":true,"href":"https:\/\/www.lacavedeslecteurs.com\/index.php\/wp-json\/wp\/v2\/product_brand?post=11982"},{"taxonomy":"product_cat","embeddable":true,"href":"https:\/\/www.lacavedeslecteurs.com\/index.php\/wp-json\/wp\/v2\/product_cat?post=11982"},{"taxonomy":"product_tag","embeddable":true,"href":"https:\/\/www.lacavedeslecteurs.com\/index.php\/wp-json\/wp\/v2\/product_tag?post=11982"}],"curies":[{"name":"wp","href":"https:\/\/api.w.org\/{rel}","templated":true}]}}