{"id":11984,"date":"2025-12-31T13:03:36","date_gmt":"2025-12-31T13:03:36","guid":{"rendered":"https:\/\/www.lacavedeslecteurs.com\/index.php\/product\/domaine-du-clos-des-fees\/"},"modified":"2026-02-13T15:41:18","modified_gmt":"2026-02-13T15:41:18","slug":"domaine-du-clos-des-fees","status":"publish","type":"product","link":"https:\/\/www.lacavedeslecteurs.com\/index.php\/product\/domaine-du-clos-des-fees\/","title":{"rendered":"Domaine du Clos des F\u00e9es - 2018"},"content":{"rendered":"<p>Vin naturellement concentr\u00e9, mais sans exc\u00e8s, tr\u00e8s aromatique. Les vieilles vignes d\u2019Herv\u00e9 Bizeul, \u00e2g\u00e9es de 50 \u00e0 100 ans offrent pour ce vin finesse, intensit\u00e9 et complexit\u00e9. Une cuv\u00e9e dot\u00e9e d\u2019une vraie personnalit\u00e9 \u00e0 d\u00e9couvrir.<\/p>\n","protected":false},"excerpt":{"rendered":"<p>Vin naturellement concentr\u00e9, mais sans exc\u00e8s, tr\u00e8s aromatique. Les vieilles vignes d\u2019Herv\u00e9 Bizeul, \u00e2g\u00e9es de 50 \u00e0 100 ans offrent pour ce vin finesse, intensit\u00e9 et complexit\u00e9. Une cuv\u00e9e dot\u00e9e d\u2019une vraie personnalit\u00e9 \u00e0 d\u00e9couvrir.<\/p>\n","protected":false},"featured_media":17096,"comment_status":"open","ping_status":"closed","template":"","meta":[],"product_brand":[],"product_cat":[365,138,27,54],"product_tag":[],"class_list":{"0":"post-11984","1":"product","2":"type-product","3":"status-publish","4":"has-post-thumbnail","6":"product_cat-categorie","7":"product_cat-couleurs","8":"product_cat-rouge","9":"product_cat-vins-du-sud","11":"first","12":"instock","13":"sale","14":"taxable","15":"shipping-taxable","16":"purchasable","17":"product-type-simple"},"_links":{"self":[{"href":"https:\/\/www.lacavedeslecteurs.com\/index.php\/wp-json\/wp\/v2\/product\/11984","targetHints":{"allow":["GET"]}}],"collection":[{"href":"https:\/\/www.lacavedeslecteurs.com\/index.php\/wp-json\/wp\/v2\/product"}],"about":[{"href":"https:\/\/www.lacavedeslecteurs.com\/index.php\/wp-json\/wp\/v2\/types\/product"}],"replies":[{"embeddable":true,"href":"https:\/\/www.lacavedeslecteurs.com\/index.php\/wp-json\/wp\/v2\/comments?post=11984"}],"wp:featuredmedia":[{"embeddable":true,"href":"https:\/\/www.lacavedeslecteurs.com\/index.php\/wp-json\/wp\/v2\/media\/17096"}],"wp:attachment":[{"href":"https:\/\/www.lacavedeslecteurs.com\/index.php\/wp-json\/wp\/v2\/media?parent=11984"}],"wp:term":[{"taxonomy":"product_brand","embeddable":true,"href":"https:\/\/www.lacavedeslecteurs.com\/index.php\/wp-json\/wp\/v2\/product_brand?post=11984"},{"taxonomy":"product_cat","embeddable":true,"href":"https:\/\/www.lacavedeslecteurs.com\/index.php\/wp-json\/wp\/v2\/product_cat?post=11984"},{"taxonomy":"product_tag","embeddable":true,"href":"https:\/\/www.lacavedeslecteurs.com\/index.php\/wp-json\/wp\/v2\/product_tag?post=11984"}],"curies":[{"name":"wp","href":"https:\/\/api.w.org\/{rel}","templated":true}]}}