{"id":11986,"date":"2025-12-31T13:03:39","date_gmt":"2025-12-31T13:03:39","guid":{"rendered":"https:\/\/www.lacavedeslecteurs.com\/index.php\/product\/mas-de-cynanques-cuvee-plein-gres-bio\/"},"modified":"2026-02-13T15:41:42","modified_gmt":"2026-02-13T15:41:42","slug":"mas-de-cynanques-cuvee-plein-gres-bio","status":"publish","type":"product","link":"https:\/\/www.lacavedeslecteurs.com\/index.php\/product\/mas-de-cynanques-cuvee-plein-gres-bio\/","title":{"rendered":"Mas de Cynanques Cuv\u00e9e Plein Gr\u00e8s BIO - 2019"},"content":{"rendered":"<p>La traduction la plus juste du terroir de gr\u00e8s rouges, o\u00f9 les vignes souffrent pour donner le meilleur. Ar\u00f4mes de cacao, cerise et m\u00fbre dans une expression ronde, puissante et \u00e9l\u00e9gante.<\/p>\n","protected":false},"excerpt":{"rendered":"<p>La traduction la plus juste du terroir de gr\u00e8s rouges, o\u00f9 les vignes souffrent pour donner le meilleur. Ar\u00f4mes de cacao, cerise et m\u00fbre dans une expression ronde, puissante et \u00e9l\u00e9gante.<\/p>\n","protected":false},"featured_media":17097,"comment_status":"open","ping_status":"closed","template":"","meta":[],"product_brand":[],"product_cat":[365,138,27,54],"product_tag":[],"class_list":{"0":"post-11986","1":"product","2":"type-product","3":"status-publish","4":"has-post-thumbnail","6":"product_cat-categorie","7":"product_cat-couleurs","8":"product_cat-rouge","9":"product_cat-vins-du-sud","11":"first","12":"instock","13":"sale","14":"taxable","15":"shipping-taxable","16":"purchasable","17":"product-type-simple"},"_links":{"self":[{"href":"https:\/\/www.lacavedeslecteurs.com\/index.php\/wp-json\/wp\/v2\/product\/11986","targetHints":{"allow":["GET"]}}],"collection":[{"href":"https:\/\/www.lacavedeslecteurs.com\/index.php\/wp-json\/wp\/v2\/product"}],"about":[{"href":"https:\/\/www.lacavedeslecteurs.com\/index.php\/wp-json\/wp\/v2\/types\/product"}],"replies":[{"embeddable":true,"href":"https:\/\/www.lacavedeslecteurs.com\/index.php\/wp-json\/wp\/v2\/comments?post=11986"}],"wp:featuredmedia":[{"embeddable":true,"href":"https:\/\/www.lacavedeslecteurs.com\/index.php\/wp-json\/wp\/v2\/media\/17097"}],"wp:attachment":[{"href":"https:\/\/www.lacavedeslecteurs.com\/index.php\/wp-json\/wp\/v2\/media?parent=11986"}],"wp:term":[{"taxonomy":"product_brand","embeddable":true,"href":"https:\/\/www.lacavedeslecteurs.com\/index.php\/wp-json\/wp\/v2\/product_brand?post=11986"},{"taxonomy":"product_cat","embeddable":true,"href":"https:\/\/www.lacavedeslecteurs.com\/index.php\/wp-json\/wp\/v2\/product_cat?post=11986"},{"taxonomy":"product_tag","embeddable":true,"href":"https:\/\/www.lacavedeslecteurs.com\/index.php\/wp-json\/wp\/v2\/product_tag?post=11986"}],"curies":[{"name":"wp","href":"https:\/\/api.w.org\/{rel}","templated":true}]}}