{"id":11988,"date":"2025-12-31T13:03:39","date_gmt":"2025-12-31T13:03:39","guid":{"rendered":"https:\/\/www.lacavedeslecteurs.com\/index.php\/product\/chateau-de-caraguilhes-cochon-volant-bio\/"},"modified":"2026-02-13T15:41:43","modified_gmt":"2026-02-13T15:41:43","slug":"chateau-de-caraguilhes-cochon-volant-bio","status":"publish","type":"product","link":"https:\/\/www.lacavedeslecteurs.com\/index.php\/product\/chateau-de-caraguilhes-cochon-volant-bio\/","title":{"rendered":"Ch\u00e2teau de Caraguilhes  Cochon Volant BIO - 2022"},"content":{"rendered":"<p>Attaque soyeuse avec des notes de framboise \u00e9cras\u00e9e et de cerise burlat. Les tannins lui apportent une bonne tenue renfor\u00e7ant l\u2019\u00e9quilibre global. C\u2019est un vin charnu, croquant, de plaisir, facile \u00e0 partager.<\/p>\n","protected":false},"excerpt":{"rendered":"<p>Attaque soyeuse avec des notes de framboise \u00e9cras\u00e9e et de cerise burlat. Les tannins lui apportent une bonne tenue renfor\u00e7ant l\u2019\u00e9quilibre global. C\u2019est un vin charnu, croquant, de plaisir, facile \u00e0 partager.<\/p>\n","protected":false},"featured_media":17098,"comment_status":"open","ping_status":"closed","template":"","meta":[],"product_brand":[],"product_cat":[365,138,27,54],"product_tag":[],"class_list":{"0":"post-11988","1":"product","2":"type-product","3":"status-publish","4":"has-post-thumbnail","6":"product_cat-categorie","7":"product_cat-couleurs","8":"product_cat-rouge","9":"product_cat-vins-du-sud","11":"first","12":"instock","13":"sale","14":"taxable","15":"shipping-taxable","16":"purchasable","17":"product-type-simple"},"_links":{"self":[{"href":"https:\/\/www.lacavedeslecteurs.com\/index.php\/wp-json\/wp\/v2\/product\/11988","targetHints":{"allow":["GET"]}}],"collection":[{"href":"https:\/\/www.lacavedeslecteurs.com\/index.php\/wp-json\/wp\/v2\/product"}],"about":[{"href":"https:\/\/www.lacavedeslecteurs.com\/index.php\/wp-json\/wp\/v2\/types\/product"}],"replies":[{"embeddable":true,"href":"https:\/\/www.lacavedeslecteurs.com\/index.php\/wp-json\/wp\/v2\/comments?post=11988"}],"wp:featuredmedia":[{"embeddable":true,"href":"https:\/\/www.lacavedeslecteurs.com\/index.php\/wp-json\/wp\/v2\/media\/17098"}],"wp:attachment":[{"href":"https:\/\/www.lacavedeslecteurs.com\/index.php\/wp-json\/wp\/v2\/media?parent=11988"}],"wp:term":[{"taxonomy":"product_brand","embeddable":true,"href":"https:\/\/www.lacavedeslecteurs.com\/index.php\/wp-json\/wp\/v2\/product_brand?post=11988"},{"taxonomy":"product_cat","embeddable":true,"href":"https:\/\/www.lacavedeslecteurs.com\/index.php\/wp-json\/wp\/v2\/product_cat?post=11988"},{"taxonomy":"product_tag","embeddable":true,"href":"https:\/\/www.lacavedeslecteurs.com\/index.php\/wp-json\/wp\/v2\/product_tag?post=11988"}],"curies":[{"name":"wp","href":"https:\/\/api.w.org\/{rel}","templated":true}]}}