{"id":11992,"date":"2025-12-31T13:03:40","date_gmt":"2025-12-31T13:03:40","guid":{"rendered":"https:\/\/www.lacavedeslecteurs.com\/index.php\/product\/clos-culombu\/"},"modified":"2026-02-13T15:41:46","modified_gmt":"2026-02-13T15:41:46","slug":"clos-culombu","status":"publish","type":"product","link":"https:\/\/www.lacavedeslecteurs.com\/index.php\/product\/clos-culombu\/","title":{"rendered":"Clos Culombu - 2021"},"content":{"rendered":"<p>Produit \u00e0 partir de 4 c\u00e9pages : sciaccarellu (60 %), niellucciu, minustellu, syrah. Robe dense et jeune, \u00e0 reflets violines. Profond et frais, le nez associe la cerise et le cassis. Dans le m\u00eame registre, la bouche d\u00e9voile une mati\u00e8re imposante et structur\u00e9e.<\/p>\n","protected":false},"excerpt":{"rendered":"<p>Produit \u00e0 partir de 4 c\u00e9pages : sciaccarellu (60 %), niellucciu, minustellu, syrah. Robe dense et jeune, \u00e0 reflets violines. Profond et frais, le nez associe la cerise et le cassis. Dans le m\u00eame registre, la bouche d\u00e9voile une mati\u00e8re imposante et structur\u00e9e.<\/p>\n","protected":false},"featured_media":17100,"comment_status":"open","ping_status":"closed","template":"","meta":[],"product_brand":[],"product_cat":[365,138,27,54],"product_tag":[],"class_list":{"0":"post-11992","1":"product","2":"type-product","3":"status-publish","4":"has-post-thumbnail","6":"product_cat-categorie","7":"product_cat-couleurs","8":"product_cat-rouge","9":"product_cat-vins-du-sud","11":"first","12":"instock","13":"sale","14":"taxable","15":"shipping-taxable","16":"purchasable","17":"product-type-simple"},"_links":{"self":[{"href":"https:\/\/www.lacavedeslecteurs.com\/index.php\/wp-json\/wp\/v2\/product\/11992","targetHints":{"allow":["GET"]}}],"collection":[{"href":"https:\/\/www.lacavedeslecteurs.com\/index.php\/wp-json\/wp\/v2\/product"}],"about":[{"href":"https:\/\/www.lacavedeslecteurs.com\/index.php\/wp-json\/wp\/v2\/types\/product"}],"replies":[{"embeddable":true,"href":"https:\/\/www.lacavedeslecteurs.com\/index.php\/wp-json\/wp\/v2\/comments?post=11992"}],"wp:featuredmedia":[{"embeddable":true,"href":"https:\/\/www.lacavedeslecteurs.com\/index.php\/wp-json\/wp\/v2\/media\/17100"}],"wp:attachment":[{"href":"https:\/\/www.lacavedeslecteurs.com\/index.php\/wp-json\/wp\/v2\/media?parent=11992"}],"wp:term":[{"taxonomy":"product_brand","embeddable":true,"href":"https:\/\/www.lacavedeslecteurs.com\/index.php\/wp-json\/wp\/v2\/product_brand?post=11992"},{"taxonomy":"product_cat","embeddable":true,"href":"https:\/\/www.lacavedeslecteurs.com\/index.php\/wp-json\/wp\/v2\/product_cat?post=11992"},{"taxonomy":"product_tag","embeddable":true,"href":"https:\/\/www.lacavedeslecteurs.com\/index.php\/wp-json\/wp\/v2\/product_tag?post=11992"}],"curies":[{"name":"wp","href":"https:\/\/api.w.org\/{rel}","templated":true}]}}