{"id":11994,"date":"2025-12-31T13:03:41","date_gmt":"2025-12-31T13:03:41","guid":{"rendered":"https:\/\/www.lacavedeslecteurs.com\/index.php\/product\/les-darons-by-jeff-carrel\/"},"modified":"2026-02-13T15:41:47","modified_gmt":"2026-02-13T15:41:47","slug":"les-darons-by-jeff-carrel","status":"publish","type":"product","link":"https:\/\/www.lacavedeslecteurs.com\/index.php\/product\/les-darons-by-jeff-carrel\/","title":{"rendered":"\u00ab\u00a0Les Darons\u00a0\u00bb by Jeff Carrel - 2022"},"content":{"rendered":"<p>Les darons signifient \u00ab\u00a0les p\u00e8res\u00a0\u00bb : la bouche conjugue ampleur et tension avec une mati\u00e8re dense et soyeuse. Des tanins m\u00fbrs qui passent tout seuls gr\u00e2ce aux fruits et \u00e0 la fra\u00eecheur. Finale puissante, cors\u00e9e, savoureuse avec des \u00e9pices \u00e0 revendre. Le vin le plus appr\u00e9ci\u00e9 du Languedoc, incontournable.<\/p>\n","protected":false},"excerpt":{"rendered":"<p>Les darons signifient \u00ab\u00a0les p\u00e8res\u00a0\u00bb : la bouche conjugue ampleur et tension avec une mati\u00e8re dense et soyeuse. Des tanins m\u00fbrs qui passent tout seuls gr\u00e2ce aux fruits et \u00e0 la fra\u00eecheur. Finale puissante, cors\u00e9e, savoureuse avec des \u00e9pices \u00e0 revendre. Le vin le plus appr\u00e9ci\u00e9 du Languedoc, incontournable.<\/p>\n","protected":false},"featured_media":17101,"comment_status":"open","ping_status":"closed","template":"","meta":[],"product_brand":[],"product_cat":[365,138,27,54],"product_tag":[],"class_list":{"0":"post-11994","1":"product","2":"type-product","3":"status-publish","4":"has-post-thumbnail","6":"product_cat-categorie","7":"product_cat-couleurs","8":"product_cat-rouge","9":"product_cat-vins-du-sud","11":"first","12":"instock","13":"sale","14":"taxable","15":"shipping-taxable","16":"purchasable","17":"product-type-simple"},"_links":{"self":[{"href":"https:\/\/www.lacavedeslecteurs.com\/index.php\/wp-json\/wp\/v2\/product\/11994","targetHints":{"allow":["GET"]}}],"collection":[{"href":"https:\/\/www.lacavedeslecteurs.com\/index.php\/wp-json\/wp\/v2\/product"}],"about":[{"href":"https:\/\/www.lacavedeslecteurs.com\/index.php\/wp-json\/wp\/v2\/types\/product"}],"replies":[{"embeddable":true,"href":"https:\/\/www.lacavedeslecteurs.com\/index.php\/wp-json\/wp\/v2\/comments?post=11994"}],"wp:featuredmedia":[{"embeddable":true,"href":"https:\/\/www.lacavedeslecteurs.com\/index.php\/wp-json\/wp\/v2\/media\/17101"}],"wp:attachment":[{"href":"https:\/\/www.lacavedeslecteurs.com\/index.php\/wp-json\/wp\/v2\/media?parent=11994"}],"wp:term":[{"taxonomy":"product_brand","embeddable":true,"href":"https:\/\/www.lacavedeslecteurs.com\/index.php\/wp-json\/wp\/v2\/product_brand?post=11994"},{"taxonomy":"product_cat","embeddable":true,"href":"https:\/\/www.lacavedeslecteurs.com\/index.php\/wp-json\/wp\/v2\/product_cat?post=11994"},{"taxonomy":"product_tag","embeddable":true,"href":"https:\/\/www.lacavedeslecteurs.com\/index.php\/wp-json\/wp\/v2\/product_tag?post=11994"}],"curies":[{"name":"wp","href":"https:\/\/api.w.org\/{rel}","templated":true}]}}