{"id":11998,"date":"2025-12-31T13:03:42","date_gmt":"2025-12-31T13:03:42","guid":{"rendered":"https:\/\/www.lacavedeslecteurs.com\/index.php\/product\/chateau-desclans\/"},"modified":"2026-02-13T15:41:52","modified_gmt":"2026-02-13T15:41:52","slug":"chateau-desclans","status":"publish","type":"product","link":"https:\/\/www.lacavedeslecteurs.com\/index.php\/product\/chateau-desclans\/","title":{"rendered":"Ch\u00e2teau d&rsquo;Esclans - 2021"},"content":{"rendered":"<p>Sur un coteau pr\u00e8s des Gorges de Pennafort, le ch\u00e2teau a \u00e9t\u00e9 rachet\u00e9 en 2006 par l\u2019excellent Sacha Lichine. Cr\u00e9ateur des ros\u00e9s \u00ab de luxe \u00bb, apparent\u00e9s par la qualit\u00e9 de leur texture et de leurs ar\u00f4mes \u00e0 de grands blancs, le Ch\u00e2teau d\u2019Esclans n\u2019a pas d\u2019\u00e9quivalent en Provence ! Une cuv\u00e9e renomm\u00e9e. D\u2019une grande intensit\u00e9 aromatique, le nez est net et pr\u00e9cis.<\/p>\n","protected":false},"excerpt":{"rendered":"<p>Sur un coteau pr\u00e8s des Gorges de Pennafort, le ch\u00e2teau a \u00e9t\u00e9 rachet\u00e9 en 2006 par l\u2019excellent Sacha Lichine. Cr\u00e9ateur des ros\u00e9s \u00ab de luxe \u00bb, apparent\u00e9s par la qualit\u00e9 de leur texture et de leurs ar\u00f4mes \u00e0 de grands blancs, le Ch\u00e2teau d\u2019Esclans n\u2019a pas d\u2019\u00e9quivalent en Provence ! Une cuv\u00e9e renomm\u00e9e. D\u2019une grande [&hellip;]<\/p>\n","protected":false},"featured_media":17103,"comment_status":"open","ping_status":"closed","template":"","meta":[],"product_brand":[],"product_cat":[365,138,55,54],"product_tag":[],"class_list":{"0":"post-11998","1":"product","2":"type-product","3":"status-publish","4":"has-post-thumbnail","6":"product_cat-categorie","7":"product_cat-couleurs","8":"product_cat-rose","9":"product_cat-vins-du-sud","11":"first","12":"instock","13":"sale","14":"taxable","15":"shipping-taxable","16":"purchasable","17":"product-type-simple"},"_links":{"self":[{"href":"https:\/\/www.lacavedeslecteurs.com\/index.php\/wp-json\/wp\/v2\/product\/11998","targetHints":{"allow":["GET"]}}],"collection":[{"href":"https:\/\/www.lacavedeslecteurs.com\/index.php\/wp-json\/wp\/v2\/product"}],"about":[{"href":"https:\/\/www.lacavedeslecteurs.com\/index.php\/wp-json\/wp\/v2\/types\/product"}],"replies":[{"embeddable":true,"href":"https:\/\/www.lacavedeslecteurs.com\/index.php\/wp-json\/wp\/v2\/comments?post=11998"}],"wp:featuredmedia":[{"embeddable":true,"href":"https:\/\/www.lacavedeslecteurs.com\/index.php\/wp-json\/wp\/v2\/media\/17103"}],"wp:attachment":[{"href":"https:\/\/www.lacavedeslecteurs.com\/index.php\/wp-json\/wp\/v2\/media?parent=11998"}],"wp:term":[{"taxonomy":"product_brand","embeddable":true,"href":"https:\/\/www.lacavedeslecteurs.com\/index.php\/wp-json\/wp\/v2\/product_brand?post=11998"},{"taxonomy":"product_cat","embeddable":true,"href":"https:\/\/www.lacavedeslecteurs.com\/index.php\/wp-json\/wp\/v2\/product_cat?post=11998"},{"taxonomy":"product_tag","embeddable":true,"href":"https:\/\/www.lacavedeslecteurs.com\/index.php\/wp-json\/wp\/v2\/product_tag?post=11998"}],"curies":[{"name":"wp","href":"https:\/\/api.w.org\/{rel}","templated":true}]}}