{"id":12000,"date":"2025-12-31T13:03:43","date_gmt":"2025-12-31T13:03:43","guid":{"rendered":"https:\/\/www.lacavedeslecteurs.com\/index.php\/product\/domaine-bardi-dalquier-les-bastides-faugeres\/"},"modified":"2026-02-13T15:41:54","modified_gmt":"2026-02-13T15:41:54","slug":"domaine-bardi-dalquier-les-bastides-faugeres","status":"publish","type":"product","link":"https:\/\/www.lacavedeslecteurs.com\/index.php\/product\/domaine-bardi-dalquier-les-bastides-faugeres\/","title":{"rendered":"Domaine Bardi d&rsquo;Alquier \u00ab\u00a0Les Bastides\u00a0\u00bb Faug\u00e8res - 2019"},"content":{"rendered":"<p>Ce vin pr\u00e9sente des notes de fruits noirs et des touches toast\u00e9es et fum\u00e9es. En bouche, on d\u00e9couvre beaucoup de rondeur et des tanins soyeux et souples. Ce vin pr\u00e9sente une belle harmonie de r\u00e9glisse et caf\u00e9.<\/p>\n","protected":false},"excerpt":{"rendered":"<p>Ce vin pr\u00e9sente des notes de fruits noirs et des touches toast\u00e9es et fum\u00e9es. En bouche, on d\u00e9couvre beaucoup de rondeur et des tanins soyeux et souples. Ce vin pr\u00e9sente une belle harmonie de r\u00e9glisse et caf\u00e9.<\/p>\n","protected":false},"featured_media":17104,"comment_status":"open","ping_status":"closed","template":"","meta":[],"product_brand":[],"product_cat":[365,138,27,54],"product_tag":[],"class_list":{"0":"post-12000","1":"product","2":"type-product","3":"status-publish","4":"has-post-thumbnail","6":"product_cat-categorie","7":"product_cat-couleurs","8":"product_cat-rouge","9":"product_cat-vins-du-sud","11":"first","12":"instock","13":"sale","14":"taxable","15":"shipping-taxable","16":"purchasable","17":"product-type-simple"},"_links":{"self":[{"href":"https:\/\/www.lacavedeslecteurs.com\/index.php\/wp-json\/wp\/v2\/product\/12000","targetHints":{"allow":["GET"]}}],"collection":[{"href":"https:\/\/www.lacavedeslecteurs.com\/index.php\/wp-json\/wp\/v2\/product"}],"about":[{"href":"https:\/\/www.lacavedeslecteurs.com\/index.php\/wp-json\/wp\/v2\/types\/product"}],"replies":[{"embeddable":true,"href":"https:\/\/www.lacavedeslecteurs.com\/index.php\/wp-json\/wp\/v2\/comments?post=12000"}],"wp:featuredmedia":[{"embeddable":true,"href":"https:\/\/www.lacavedeslecteurs.com\/index.php\/wp-json\/wp\/v2\/media\/17104"}],"wp:attachment":[{"href":"https:\/\/www.lacavedeslecteurs.com\/index.php\/wp-json\/wp\/v2\/media?parent=12000"}],"wp:term":[{"taxonomy":"product_brand","embeddable":true,"href":"https:\/\/www.lacavedeslecteurs.com\/index.php\/wp-json\/wp\/v2\/product_brand?post=12000"},{"taxonomy":"product_cat","embeddable":true,"href":"https:\/\/www.lacavedeslecteurs.com\/index.php\/wp-json\/wp\/v2\/product_cat?post=12000"},{"taxonomy":"product_tag","embeddable":true,"href":"https:\/\/www.lacavedeslecteurs.com\/index.php\/wp-json\/wp\/v2\/product_tag?post=12000"}],"curies":[{"name":"wp","href":"https:\/\/api.w.org\/{rel}","templated":true}]}}