{"id":12010,"date":"2025-12-31T13:03:49","date_gmt":"2025-12-31T13:03:49","guid":{"rendered":"https:\/\/www.lacavedeslecteurs.com\/index.php\/product\/chateau-mourgues-du-gres-fleur-daubepine\/"},"modified":"2026-02-13T15:42:12","modified_gmt":"2026-02-13T15:42:12","slug":"chateau-mourgues-du-gres-fleur-daubepine","status":"publish","type":"product","link":"https:\/\/www.lacavedeslecteurs.com\/index.php\/product\/chateau-mourgues-du-gres-fleur-daubepine\/","title":{"rendered":"Ch\u00e2teau Mourgues du Gr\u00e8s Fleur d&rsquo;Aub\u00e9pine - 2022"},"content":{"rendered":"<p>Trois facteurs contribuent \u00e0 l&rsquo;\u00e9quilibre de ce vin blanc : les Galets qui caract\u00e9risent les Costi\u00e8res de N\u00eemes ; une parcelle calcaire, plus rare dans l&rsquo;appellation, favorable aux c\u00e9pages blancs et la situation du vignoble aux portes de la Provence et de la Camargue, qui favorise les brises estivales. Un coup de coeur La Cave des CE !<\/p>\n","protected":false},"excerpt":{"rendered":"<p>Trois facteurs contribuent \u00e0 l&rsquo;\u00e9quilibre de ce vin blanc : les Galets qui caract\u00e9risent les Costi\u00e8res de N\u00eemes ; une parcelle calcaire, plus rare dans l&rsquo;appellation, favorable aux c\u00e9pages blancs et la situation du vignoble aux portes de la Provence et de la Camargue, qui favorise les brises estivales. Un coup de coeur La Cave [&hellip;]<\/p>\n","protected":false},"featured_media":17109,"comment_status":"open","ping_status":"closed","template":"","meta":[],"product_brand":[],"product_cat":[41,365,138,54],"product_tag":[],"class_list":{"0":"post-12010","1":"product","2":"type-product","3":"status-publish","4":"has-post-thumbnail","6":"product_cat-blanc","7":"product_cat-categorie","8":"product_cat-couleurs","9":"product_cat-vins-du-sud","11":"first","12":"instock","13":"sale","14":"taxable","15":"shipping-taxable","16":"purchasable","17":"product-type-simple"},"_links":{"self":[{"href":"https:\/\/www.lacavedeslecteurs.com\/index.php\/wp-json\/wp\/v2\/product\/12010","targetHints":{"allow":["GET"]}}],"collection":[{"href":"https:\/\/www.lacavedeslecteurs.com\/index.php\/wp-json\/wp\/v2\/product"}],"about":[{"href":"https:\/\/www.lacavedeslecteurs.com\/index.php\/wp-json\/wp\/v2\/types\/product"}],"replies":[{"embeddable":true,"href":"https:\/\/www.lacavedeslecteurs.com\/index.php\/wp-json\/wp\/v2\/comments?post=12010"}],"wp:featuredmedia":[{"embeddable":true,"href":"https:\/\/www.lacavedeslecteurs.com\/index.php\/wp-json\/wp\/v2\/media\/17109"}],"wp:attachment":[{"href":"https:\/\/www.lacavedeslecteurs.com\/index.php\/wp-json\/wp\/v2\/media?parent=12010"}],"wp:term":[{"taxonomy":"product_brand","embeddable":true,"href":"https:\/\/www.lacavedeslecteurs.com\/index.php\/wp-json\/wp\/v2\/product_brand?post=12010"},{"taxonomy":"product_cat","embeddable":true,"href":"https:\/\/www.lacavedeslecteurs.com\/index.php\/wp-json\/wp\/v2\/product_cat?post=12010"},{"taxonomy":"product_tag","embeddable":true,"href":"https:\/\/www.lacavedeslecteurs.com\/index.php\/wp-json\/wp\/v2\/product_tag?post=12010"}],"curies":[{"name":"wp","href":"https:\/\/api.w.org\/{rel}","templated":true}]}}