{"id":12014,"date":"2025-12-31T13:03:51","date_gmt":"2025-12-31T13:03:51","guid":{"rendered":"https:\/\/www.lacavedeslecteurs.com\/index.php\/product\/domaine-de-lhortus-la-grande-cuvee\/"},"modified":"2026-02-13T15:42:13","modified_gmt":"2026-02-13T15:42:13","slug":"domaine-de-lhortus-la-grande-cuvee","status":"publish","type":"product","link":"https:\/\/www.lacavedeslecteurs.com\/index.php\/product\/domaine-de-lhortus-la-grande-cuvee\/","title":{"rendered":"Domaine de l&rsquo;Hortus La Grande Cuv\u00e9e - 2021"},"content":{"rendered":"<p>Pic-Saint-Loup est le terroir le plus humide du Languedoc ! Un avantage \u00ab\u00a0cl\u00e9\u00a0\u00bb pour produire cette Grande Cuv\u00e9e qui est puissante, opulente et qui n\u00e9cessite une acidit\u00e9 salivante pour \u00e9quilibrer l&rsquo;ensemble. Un joyau languedocien !<\/p>\n","protected":false},"excerpt":{"rendered":"<p>Pic-Saint-Loup est le terroir le plus humide du Languedoc ! Un avantage \u00ab\u00a0cl\u00e9\u00a0\u00bb pour produire cette Grande Cuv\u00e9e qui est puissante, opulente et qui n\u00e9cessite une acidit\u00e9 salivante pour \u00e9quilibrer l&rsquo;ensemble. Un joyau languedocien !<\/p>\n","protected":false},"featured_media":17111,"comment_status":"open","ping_status":"closed","template":"","meta":[],"product_brand":[],"product_cat":[365,138,27,54],"product_tag":[],"class_list":{"0":"post-12014","1":"product","2":"type-product","3":"status-publish","4":"has-post-thumbnail","6":"product_cat-categorie","7":"product_cat-couleurs","8":"product_cat-rouge","9":"product_cat-vins-du-sud","11":"first","12":"instock","13":"sale","14":"taxable","15":"shipping-taxable","16":"purchasable","17":"product-type-simple"},"_links":{"self":[{"href":"https:\/\/www.lacavedeslecteurs.com\/index.php\/wp-json\/wp\/v2\/product\/12014","targetHints":{"allow":["GET"]}}],"collection":[{"href":"https:\/\/www.lacavedeslecteurs.com\/index.php\/wp-json\/wp\/v2\/product"}],"about":[{"href":"https:\/\/www.lacavedeslecteurs.com\/index.php\/wp-json\/wp\/v2\/types\/product"}],"replies":[{"embeddable":true,"href":"https:\/\/www.lacavedeslecteurs.com\/index.php\/wp-json\/wp\/v2\/comments?post=12014"}],"wp:featuredmedia":[{"embeddable":true,"href":"https:\/\/www.lacavedeslecteurs.com\/index.php\/wp-json\/wp\/v2\/media\/17111"}],"wp:attachment":[{"href":"https:\/\/www.lacavedeslecteurs.com\/index.php\/wp-json\/wp\/v2\/media?parent=12014"}],"wp:term":[{"taxonomy":"product_brand","embeddable":true,"href":"https:\/\/www.lacavedeslecteurs.com\/index.php\/wp-json\/wp\/v2\/product_brand?post=12014"},{"taxonomy":"product_cat","embeddable":true,"href":"https:\/\/www.lacavedeslecteurs.com\/index.php\/wp-json\/wp\/v2\/product_cat?post=12014"},{"taxonomy":"product_tag","embeddable":true,"href":"https:\/\/www.lacavedeslecteurs.com\/index.php\/wp-json\/wp\/v2\/product_tag?post=12014"}],"curies":[{"name":"wp","href":"https:\/\/api.w.org\/{rel}","templated":true}]}}