{"id":12020,"date":"2025-12-31T13:03:53","date_gmt":"2025-12-31T13:03:53","guid":{"rendered":"https:\/\/www.lacavedeslecteurs.com\/index.php\/product\/domaine-daupilhac-lou-maset\/"},"modified":"2026-02-13T15:42:19","modified_gmt":"2026-02-13T15:42:19","slug":"domaine-daupilhac-lou-maset","status":"publish","type":"product","link":"https:\/\/www.lacavedeslecteurs.com\/index.php\/product\/domaine-daupilhac-lou-maset\/","title":{"rendered":"Domaine d&rsquo;Aupilhac Lou Maset - 2020"},"content":{"rendered":"<p>Lou Maset est un vin rouge fruit\u00e9 et rafra\u00eechissant. Avec un assemblage de Grenache et de Cinsaut, il offre des tanins soyeux et une finale \u00e9pic\u00e9e. Long et ample, ce Lou Maset est gourmand et \u00abcraquant\u00bb.<\/p>\n","protected":false},"excerpt":{"rendered":"<p>Lou Maset est un vin rouge fruit\u00e9 et rafra\u00eechissant. Avec un assemblage de Grenache et de Cinsaut, il offre des tanins soyeux et une finale \u00e9pic\u00e9e. Long et ample, ce Lou Maset est gourmand et \u00abcraquant\u00bb.<\/p>\n","protected":false},"featured_media":17114,"comment_status":"open","ping_status":"closed","template":"","meta":[],"product_brand":[],"product_cat":[365,138,27,54],"product_tag":[],"class_list":{"0":"post-12020","1":"product","2":"type-product","3":"status-publish","4":"has-post-thumbnail","6":"product_cat-categorie","7":"product_cat-couleurs","8":"product_cat-rouge","9":"product_cat-vins-du-sud","11":"first","12":"instock","13":"sale","14":"taxable","15":"shipping-taxable","16":"purchasable","17":"product-type-simple"},"_links":{"self":[{"href":"https:\/\/www.lacavedeslecteurs.com\/index.php\/wp-json\/wp\/v2\/product\/12020","targetHints":{"allow":["GET"]}}],"collection":[{"href":"https:\/\/www.lacavedeslecteurs.com\/index.php\/wp-json\/wp\/v2\/product"}],"about":[{"href":"https:\/\/www.lacavedeslecteurs.com\/index.php\/wp-json\/wp\/v2\/types\/product"}],"replies":[{"embeddable":true,"href":"https:\/\/www.lacavedeslecteurs.com\/index.php\/wp-json\/wp\/v2\/comments?post=12020"}],"wp:featuredmedia":[{"embeddable":true,"href":"https:\/\/www.lacavedeslecteurs.com\/index.php\/wp-json\/wp\/v2\/media\/17114"}],"wp:attachment":[{"href":"https:\/\/www.lacavedeslecteurs.com\/index.php\/wp-json\/wp\/v2\/media?parent=12020"}],"wp:term":[{"taxonomy":"product_brand","embeddable":true,"href":"https:\/\/www.lacavedeslecteurs.com\/index.php\/wp-json\/wp\/v2\/product_brand?post=12020"},{"taxonomy":"product_cat","embeddable":true,"href":"https:\/\/www.lacavedeslecteurs.com\/index.php\/wp-json\/wp\/v2\/product_cat?post=12020"},{"taxonomy":"product_tag","embeddable":true,"href":"https:\/\/www.lacavedeslecteurs.com\/index.php\/wp-json\/wp\/v2\/product_tag?post=12020"}],"curies":[{"name":"wp","href":"https:\/\/api.w.org\/{rel}","templated":true}]}}