{"id":12022,"date":"2025-12-31T13:03:54","date_gmt":"2025-12-31T13:03:54","guid":{"rendered":"https:\/\/www.lacavedeslecteurs.com\/index.php\/product\/mas-bruguiere-larbouse\/"},"modified":"2026-02-13T15:42:21","modified_gmt":"2026-02-13T15:42:21","slug":"mas-bruguiere-larbouse","status":"publish","type":"product","link":"https:\/\/www.lacavedeslecteurs.com\/index.php\/product\/mas-bruguiere-larbouse\/","title":{"rendered":"Mas Brugui\u00e8re l&rsquo;Arbouse - 2021"},"content":{"rendered":"<p>Son nez tr\u00e8s ouvert et aromatique \u00e9voque le croquant du fruit frais, quelques touches fum\u00e9es d\u00e9licates \u00e9toffent les ar\u00f4mes de fruits noirs m\u00fbrs tels que la m\u00fbre, le cassis et la myrtille.<\/p>\n","protected":false},"excerpt":{"rendered":"<p>Son nez tr\u00e8s ouvert et aromatique \u00e9voque le croquant du fruit frais, quelques touches fum\u00e9es d\u00e9licates \u00e9toffent les ar\u00f4mes de fruits noirs m\u00fbrs tels que la m\u00fbre, le cassis et la myrtille.<\/p>\n","protected":false},"featured_media":17115,"comment_status":"open","ping_status":"closed","template":"","meta":[],"product_brand":[],"product_cat":[365,138,27,54],"product_tag":[],"class_list":{"0":"post-12022","1":"product","2":"type-product","3":"status-publish","4":"has-post-thumbnail","6":"product_cat-categorie","7":"product_cat-couleurs","8":"product_cat-rouge","9":"product_cat-vins-du-sud","11":"first","12":"instock","13":"sale","14":"taxable","15":"shipping-taxable","16":"purchasable","17":"product-type-simple"},"_links":{"self":[{"href":"https:\/\/www.lacavedeslecteurs.com\/index.php\/wp-json\/wp\/v2\/product\/12022","targetHints":{"allow":["GET"]}}],"collection":[{"href":"https:\/\/www.lacavedeslecteurs.com\/index.php\/wp-json\/wp\/v2\/product"}],"about":[{"href":"https:\/\/www.lacavedeslecteurs.com\/index.php\/wp-json\/wp\/v2\/types\/product"}],"replies":[{"embeddable":true,"href":"https:\/\/www.lacavedeslecteurs.com\/index.php\/wp-json\/wp\/v2\/comments?post=12022"}],"wp:featuredmedia":[{"embeddable":true,"href":"https:\/\/www.lacavedeslecteurs.com\/index.php\/wp-json\/wp\/v2\/media\/17115"}],"wp:attachment":[{"href":"https:\/\/www.lacavedeslecteurs.com\/index.php\/wp-json\/wp\/v2\/media?parent=12022"}],"wp:term":[{"taxonomy":"product_brand","embeddable":true,"href":"https:\/\/www.lacavedeslecteurs.com\/index.php\/wp-json\/wp\/v2\/product_brand?post=12022"},{"taxonomy":"product_cat","embeddable":true,"href":"https:\/\/www.lacavedeslecteurs.com\/index.php\/wp-json\/wp\/v2\/product_cat?post=12022"},{"taxonomy":"product_tag","embeddable":true,"href":"https:\/\/www.lacavedeslecteurs.com\/index.php\/wp-json\/wp\/v2\/product_tag?post=12022"}],"curies":[{"name":"wp","href":"https:\/\/api.w.org\/{rel}","templated":true}]}}