{"id":12024,"date":"2025-12-31T13:03:55","date_gmt":"2025-12-31T13:03:55","guid":{"rendered":"https:\/\/www.lacavedeslecteurs.com\/index.php\/product\/mas-bruguiere-la-grenadiere-bio\/"},"modified":"2026-02-13T15:42:23","modified_gmt":"2026-02-13T15:42:23","slug":"mas-bruguiere-la-grenadiere-bio","status":"publish","type":"product","link":"https:\/\/www.lacavedeslecteurs.com\/index.php\/product\/mas-bruguiere-la-grenadiere-bio\/","title":{"rendered":"Mas Brugui\u00e8re La Grenadi\u00e8re BIO - 2020"},"content":{"rendered":"<p>Un nez intense et complexe qui \u00e9voque la maturit\u00e9 en exprimant les fruits noirs m\u00fbrs, le rouleau de r\u00e9glisse et un toucher de bouche suave. Le vin est bien construit, dense et profond, assorti d\u2019une fra\u00eecheur remarquable.\u00a0Un Grand Cru!<\/p>\n","protected":false},"excerpt":{"rendered":"<p>Un nez intense et complexe qui \u00e9voque la maturit\u00e9 en exprimant les fruits noirs m\u00fbrs, le rouleau de r\u00e9glisse et un toucher de bouche suave. Le vin est bien construit, dense et profond, assorti d\u2019une fra\u00eecheur remarquable.\u00a0Un Grand Cru!<\/p>\n","protected":false},"featured_media":17116,"comment_status":"open","ping_status":"closed","template":"","meta":[],"product_brand":[],"product_cat":[365,138,27,54],"product_tag":[],"class_list":{"0":"post-12024","1":"product","2":"type-product","3":"status-publish","4":"has-post-thumbnail","6":"product_cat-categorie","7":"product_cat-couleurs","8":"product_cat-rouge","9":"product_cat-vins-du-sud","11":"first","12":"instock","13":"sale","14":"taxable","15":"shipping-taxable","16":"purchasable","17":"product-type-simple"},"_links":{"self":[{"href":"https:\/\/www.lacavedeslecteurs.com\/index.php\/wp-json\/wp\/v2\/product\/12024","targetHints":{"allow":["GET"]}}],"collection":[{"href":"https:\/\/www.lacavedeslecteurs.com\/index.php\/wp-json\/wp\/v2\/product"}],"about":[{"href":"https:\/\/www.lacavedeslecteurs.com\/index.php\/wp-json\/wp\/v2\/types\/product"}],"replies":[{"embeddable":true,"href":"https:\/\/www.lacavedeslecteurs.com\/index.php\/wp-json\/wp\/v2\/comments?post=12024"}],"wp:featuredmedia":[{"embeddable":true,"href":"https:\/\/www.lacavedeslecteurs.com\/index.php\/wp-json\/wp\/v2\/media\/17116"}],"wp:attachment":[{"href":"https:\/\/www.lacavedeslecteurs.com\/index.php\/wp-json\/wp\/v2\/media?parent=12024"}],"wp:term":[{"taxonomy":"product_brand","embeddable":true,"href":"https:\/\/www.lacavedeslecteurs.com\/index.php\/wp-json\/wp\/v2\/product_brand?post=12024"},{"taxonomy":"product_cat","embeddable":true,"href":"https:\/\/www.lacavedeslecteurs.com\/index.php\/wp-json\/wp\/v2\/product_cat?post=12024"},{"taxonomy":"product_tag","embeddable":true,"href":"https:\/\/www.lacavedeslecteurs.com\/index.php\/wp-json\/wp\/v2\/product_tag?post=12024"}],"curies":[{"name":"wp","href":"https:\/\/api.w.org\/{rel}","templated":true}]}}