{"id":12026,"date":"2025-12-31T13:03:56","date_gmt":"2025-12-31T13:03:56","guid":{"rendered":"https:\/\/www.lacavedeslecteurs.com\/index.php\/product\/mas-gabinele\/"},"modified":"2026-02-13T15:42:25","modified_gmt":"2026-02-13T15:42:25","slug":"mas-gabinele","status":"publish","type":"product","link":"https:\/\/www.lacavedeslecteurs.com\/index.php\/product\/mas-gabinele\/","title":{"rendered":"Mas Gabin\u00e8le - 2019"},"content":{"rendered":"<p> Ce mill\u00e9sime 2019 est abouti avec un surcro\u00eet de concentration et de min\u00e9ralit\u00e9. Puis en fin de bouche, une trame fra\u00eeche avec des tanins poudr\u00e9s.<\/p>\n","protected":false},"excerpt":{"rendered":"<p>Ce mill\u00e9sime 2019 est abouti avec un surcro\u00eet de concentration et de min\u00e9ralit\u00e9. Puis en fin de bouche, une trame fra\u00eeche avec des tanins poudr\u00e9s.<\/p>\n","protected":false},"featured_media":17117,"comment_status":"open","ping_status":"closed","template":"","meta":[],"product_brand":[],"product_cat":[365,138,27,54],"product_tag":[],"class_list":{"0":"post-12026","1":"product","2":"type-product","3":"status-publish","4":"has-post-thumbnail","6":"product_cat-categorie","7":"product_cat-couleurs","8":"product_cat-rouge","9":"product_cat-vins-du-sud","11":"first","12":"instock","13":"sale","14":"taxable","15":"shipping-taxable","16":"purchasable","17":"product-type-simple"},"_links":{"self":[{"href":"https:\/\/www.lacavedeslecteurs.com\/index.php\/wp-json\/wp\/v2\/product\/12026","targetHints":{"allow":["GET"]}}],"collection":[{"href":"https:\/\/www.lacavedeslecteurs.com\/index.php\/wp-json\/wp\/v2\/product"}],"about":[{"href":"https:\/\/www.lacavedeslecteurs.com\/index.php\/wp-json\/wp\/v2\/types\/product"}],"replies":[{"embeddable":true,"href":"https:\/\/www.lacavedeslecteurs.com\/index.php\/wp-json\/wp\/v2\/comments?post=12026"}],"wp:featuredmedia":[{"embeddable":true,"href":"https:\/\/www.lacavedeslecteurs.com\/index.php\/wp-json\/wp\/v2\/media\/17117"}],"wp:attachment":[{"href":"https:\/\/www.lacavedeslecteurs.com\/index.php\/wp-json\/wp\/v2\/media?parent=12026"}],"wp:term":[{"taxonomy":"product_brand","embeddable":true,"href":"https:\/\/www.lacavedeslecteurs.com\/index.php\/wp-json\/wp\/v2\/product_brand?post=12026"},{"taxonomy":"product_cat","embeddable":true,"href":"https:\/\/www.lacavedeslecteurs.com\/index.php\/wp-json\/wp\/v2\/product_cat?post=12026"},{"taxonomy":"product_tag","embeddable":true,"href":"https:\/\/www.lacavedeslecteurs.com\/index.php\/wp-json\/wp\/v2\/product_tag?post=12026"}],"curies":[{"name":"wp","href":"https:\/\/api.w.org\/{rel}","templated":true}]}}