{"id":12028,"date":"2025-12-31T13:03:58","date_gmt":"2025-12-31T13:03:58","guid":{"rendered":"https:\/\/www.lacavedeslecteurs.com\/index.php\/product\/chateau-minuty\/"},"modified":"2026-02-13T15:42:29","modified_gmt":"2026-02-13T15:42:29","slug":"chateau-minuty","status":"publish","type":"product","link":"https:\/\/www.lacavedeslecteurs.com\/index.php\/product\/chateau-minuty\/","title":{"rendered":"Ch\u00e2teau Minuty - 2022"},"content":{"rendered":"<p>Le bouquet d\u00e9gage un ar\u00f4me puissant, pr\u00e9cis et d\u00e9licat de melon et de fleurs. La bouche est \u00e9quilibr\u00e9e, avec de d\u00e9licieuses notes d\u2019agrumes et de fruits rouges, ainsi qu\u2019une min\u00e9ralit\u00e9 apaisante.<\/p>\n","protected":false},"excerpt":{"rendered":"<p>Le bouquet d\u00e9gage un ar\u00f4me puissant, pr\u00e9cis et d\u00e9licat de melon et de fleurs. La bouche est \u00e9quilibr\u00e9e, avec de d\u00e9licieuses notes d\u2019agrumes et de fruits rouges, ainsi qu\u2019une min\u00e9ralit\u00e9 apaisante.<\/p>\n","protected":false},"featured_media":17118,"comment_status":"open","ping_status":"closed","template":"","meta":[],"product_brand":[],"product_cat":[365,138,55,54],"product_tag":[],"class_list":{"0":"post-12028","1":"product","2":"type-product","3":"status-publish","4":"has-post-thumbnail","6":"product_cat-categorie","7":"product_cat-couleurs","8":"product_cat-rose","9":"product_cat-vins-du-sud","11":"first","12":"instock","13":"sale","14":"taxable","15":"shipping-taxable","16":"purchasable","17":"product-type-simple"},"_links":{"self":[{"href":"https:\/\/www.lacavedeslecteurs.com\/index.php\/wp-json\/wp\/v2\/product\/12028","targetHints":{"allow":["GET"]}}],"collection":[{"href":"https:\/\/www.lacavedeslecteurs.com\/index.php\/wp-json\/wp\/v2\/product"}],"about":[{"href":"https:\/\/www.lacavedeslecteurs.com\/index.php\/wp-json\/wp\/v2\/types\/product"}],"replies":[{"embeddable":true,"href":"https:\/\/www.lacavedeslecteurs.com\/index.php\/wp-json\/wp\/v2\/comments?post=12028"}],"wp:featuredmedia":[{"embeddable":true,"href":"https:\/\/www.lacavedeslecteurs.com\/index.php\/wp-json\/wp\/v2\/media\/17118"}],"wp:attachment":[{"href":"https:\/\/www.lacavedeslecteurs.com\/index.php\/wp-json\/wp\/v2\/media?parent=12028"}],"wp:term":[{"taxonomy":"product_brand","embeddable":true,"href":"https:\/\/www.lacavedeslecteurs.com\/index.php\/wp-json\/wp\/v2\/product_brand?post=12028"},{"taxonomy":"product_cat","embeddable":true,"href":"https:\/\/www.lacavedeslecteurs.com\/index.php\/wp-json\/wp\/v2\/product_cat?post=12028"},{"taxonomy":"product_tag","embeddable":true,"href":"https:\/\/www.lacavedeslecteurs.com\/index.php\/wp-json\/wp\/v2\/product_tag?post=12028"}],"curies":[{"name":"wp","href":"https:\/\/api.w.org\/{rel}","templated":true}]}}