{"id":12032,"date":"2025-12-31T13:04:00","date_gmt":"2025-12-31T13:04:00","guid":{"rendered":"https:\/\/www.lacavedeslecteurs.com\/index.php\/product\/m-de-minuty\/"},"modified":"2026-02-13T15:42:32","modified_gmt":"2026-02-13T15:42:32","slug":"m-de-minuty","status":"publish","type":"product","link":"https:\/\/www.lacavedeslecteurs.com\/index.php\/product\/m-de-minuty\/","title":{"rendered":"\u00ab\u00a0M\u00a0\u00bb de Minuty - 2022"},"content":{"rendered":"<p>La robe de ce ros\u00e9 est brillante avec des nuances saumon\u00e9es. Le nez r\u00e9v\u00e8le un ar\u00f4me gourmand de groseille et d\u2019\u00e9corce d\u2019orange, et la bouche est merveilleusement onctueuse et franche, avec une attaque vive. Un vin bien \u00e9quilibr\u00e9 avec une grande fra\u00eecheur.<\/p>\n","protected":false},"excerpt":{"rendered":"<p>La robe de ce ros\u00e9 est brillante avec des nuances saumon\u00e9es. Le nez r\u00e9v\u00e8le un ar\u00f4me gourmand de groseille et d\u2019\u00e9corce d\u2019orange, et la bouche est merveilleusement onctueuse et franche, avec une attaque vive. Un vin bien \u00e9quilibr\u00e9 avec une grande fra\u00eecheur.<\/p>\n","protected":false},"featured_media":17120,"comment_status":"open","ping_status":"closed","template":"","meta":[],"product_brand":[],"product_cat":[365,138,55,54],"product_tag":[],"class_list":{"0":"post-12032","1":"product","2":"type-product","3":"status-publish","4":"has-post-thumbnail","6":"product_cat-categorie","7":"product_cat-couleurs","8":"product_cat-rose","9":"product_cat-vins-du-sud","11":"first","12":"instock","13":"sale","14":"taxable","15":"shipping-taxable","16":"purchasable","17":"product-type-simple"},"_links":{"self":[{"href":"https:\/\/www.lacavedeslecteurs.com\/index.php\/wp-json\/wp\/v2\/product\/12032","targetHints":{"allow":["GET"]}}],"collection":[{"href":"https:\/\/www.lacavedeslecteurs.com\/index.php\/wp-json\/wp\/v2\/product"}],"about":[{"href":"https:\/\/www.lacavedeslecteurs.com\/index.php\/wp-json\/wp\/v2\/types\/product"}],"replies":[{"embeddable":true,"href":"https:\/\/www.lacavedeslecteurs.com\/index.php\/wp-json\/wp\/v2\/comments?post=12032"}],"wp:featuredmedia":[{"embeddable":true,"href":"https:\/\/www.lacavedeslecteurs.com\/index.php\/wp-json\/wp\/v2\/media\/17120"}],"wp:attachment":[{"href":"https:\/\/www.lacavedeslecteurs.com\/index.php\/wp-json\/wp\/v2\/media?parent=12032"}],"wp:term":[{"taxonomy":"product_brand","embeddable":true,"href":"https:\/\/www.lacavedeslecteurs.com\/index.php\/wp-json\/wp\/v2\/product_brand?post=12032"},{"taxonomy":"product_cat","embeddable":true,"href":"https:\/\/www.lacavedeslecteurs.com\/index.php\/wp-json\/wp\/v2\/product_cat?post=12032"},{"taxonomy":"product_tag","embeddable":true,"href":"https:\/\/www.lacavedeslecteurs.com\/index.php\/wp-json\/wp\/v2\/product_tag?post=12032"}],"curies":[{"name":"wp","href":"https:\/\/api.w.org\/{rel}","templated":true}]}}