{"id":12038,"date":"2025-12-31T13:04:02","date_gmt":"2025-12-31T13:04:02","guid":{"rendered":"https:\/\/www.lacavedeslecteurs.com\/index.php\/product\/chateau-de-lou-bio\/"},"modified":"2026-02-13T15:42:39","modified_gmt":"2026-02-13T15:42:39","slug":"chateau-de-lou-bio","status":"publish","type":"product","link":"https:\/\/www.lacavedeslecteurs.com\/index.php\/product\/chateau-de-lou-bio\/","title":{"rendered":"Ch\u00e2teau de l&rsquo;Ou BIO - 2020"},"content":{"rendered":"<p>Un des premiers domaines en Bio dans la r\u00e9gion des Pyr\u00e9n\u00e9es. Terroir fabuleux en terrasses face aux Pyr\u00e9n\u00e9es \u00ab\u00a0en bio\u00a0\u00bb. Une gourmandise de fruits rouges et noirs avec une touche \u00e9pic\u00e9e et menthol\u00e9e. Plaisir assur\u00e9 autour de belles grillades.<\/p>\n","protected":false},"excerpt":{"rendered":"<p>Un des premiers domaines en Bio dans la r\u00e9gion des Pyr\u00e9n\u00e9es. Terroir fabuleux en terrasses face aux Pyr\u00e9n\u00e9es \u00ab\u00a0en bio\u00a0\u00bb. Une gourmandise de fruits rouges et noirs avec une touche \u00e9pic\u00e9e et menthol\u00e9e. Plaisir assur\u00e9 autour de belles grillades.<\/p>\n","protected":false},"featured_media":17123,"comment_status":"open","ping_status":"closed","template":"","meta":[],"product_brand":[],"product_cat":[365,138,27,54],"product_tag":[],"class_list":{"0":"post-12038","1":"product","2":"type-product","3":"status-publish","4":"has-post-thumbnail","6":"product_cat-categorie","7":"product_cat-couleurs","8":"product_cat-rouge","9":"product_cat-vins-du-sud","11":"first","12":"instock","13":"sale","14":"taxable","15":"shipping-taxable","16":"purchasable","17":"product-type-simple"},"_links":{"self":[{"href":"https:\/\/www.lacavedeslecteurs.com\/index.php\/wp-json\/wp\/v2\/product\/12038","targetHints":{"allow":["GET"]}}],"collection":[{"href":"https:\/\/www.lacavedeslecteurs.com\/index.php\/wp-json\/wp\/v2\/product"}],"about":[{"href":"https:\/\/www.lacavedeslecteurs.com\/index.php\/wp-json\/wp\/v2\/types\/product"}],"replies":[{"embeddable":true,"href":"https:\/\/www.lacavedeslecteurs.com\/index.php\/wp-json\/wp\/v2\/comments?post=12038"}],"wp:featuredmedia":[{"embeddable":true,"href":"https:\/\/www.lacavedeslecteurs.com\/index.php\/wp-json\/wp\/v2\/media\/17123"}],"wp:attachment":[{"href":"https:\/\/www.lacavedeslecteurs.com\/index.php\/wp-json\/wp\/v2\/media?parent=12038"}],"wp:term":[{"taxonomy":"product_brand","embeddable":true,"href":"https:\/\/www.lacavedeslecteurs.com\/index.php\/wp-json\/wp\/v2\/product_brand?post=12038"},{"taxonomy":"product_cat","embeddable":true,"href":"https:\/\/www.lacavedeslecteurs.com\/index.php\/wp-json\/wp\/v2\/product_cat?post=12038"},{"taxonomy":"product_tag","embeddable":true,"href":"https:\/\/www.lacavedeslecteurs.com\/index.php\/wp-json\/wp\/v2\/product_tag?post=12038"}],"curies":[{"name":"wp","href":"https:\/\/api.w.org\/{rel}","templated":true}]}}