{"id":12042,"date":"2025-12-31T13:04:03","date_gmt":"2025-12-31T13:04:03","guid":{"rendered":"https:\/\/www.lacavedeslecteurs.com\/index.php\/product\/chateau-de-peyrassol\/"},"modified":"2026-02-13T15:42:43","modified_gmt":"2026-02-13T15:42:43","slug":"chateau-de-peyrassol","status":"publish","type":"product","link":"https:\/\/www.lacavedeslecteurs.com\/index.php\/product\/chateau-de-peyrassol\/","title":{"rendered":"Ch\u00e2teau de Peyrassol - 2021"},"content":{"rendered":"<p>Ch\u00e2teau Peyrassol est l&rsquo;un des plus grands domaines de Provence. Les mill\u00e9simes sont de plus en plus pris\u00e9s. Le domaine se fait connaitre pour ses vins \u00e9l\u00e9gants, structur\u00e9s et toujours frais. Install\u00e9 sur l&rsquo;un des plus beaux terroirs de Provence, ce vin s&rsquo;arrache dans le monde entier ! Avec sa robe tr\u00e8s p\u00e2le et d\u00e9licate, c\u2019est une cuv\u00e9e qui charme avec \u00e9l\u00e9gance et un caract\u00e8re discret et floral.<\/p>\n","protected":false},"excerpt":{"rendered":"<p>Ch\u00e2teau Peyrassol est l&rsquo;un des plus grands domaines de Provence. Les mill\u00e9simes sont de plus en plus pris\u00e9s. Le domaine se fait connaitre pour ses vins \u00e9l\u00e9gants, structur\u00e9s et toujours frais. Install\u00e9 sur l&rsquo;un des plus beaux terroirs de Provence, ce vin s&rsquo;arrache dans le monde entier ! Avec sa robe tr\u00e8s p\u00e2le et d\u00e9licate, [&hellip;]<\/p>\n","protected":false},"featured_media":17125,"comment_status":"open","ping_status":"closed","template":"","meta":[],"product_brand":[],"product_cat":[365,138,55,54],"product_tag":[],"class_list":{"0":"post-12042","1":"product","2":"type-product","3":"status-publish","4":"has-post-thumbnail","6":"product_cat-categorie","7":"product_cat-couleurs","8":"product_cat-rose","9":"product_cat-vins-du-sud","11":"first","12":"instock","13":"sale","14":"taxable","15":"shipping-taxable","16":"purchasable","17":"product-type-simple"},"_links":{"self":[{"href":"https:\/\/www.lacavedeslecteurs.com\/index.php\/wp-json\/wp\/v2\/product\/12042","targetHints":{"allow":["GET"]}}],"collection":[{"href":"https:\/\/www.lacavedeslecteurs.com\/index.php\/wp-json\/wp\/v2\/product"}],"about":[{"href":"https:\/\/www.lacavedeslecteurs.com\/index.php\/wp-json\/wp\/v2\/types\/product"}],"replies":[{"embeddable":true,"href":"https:\/\/www.lacavedeslecteurs.com\/index.php\/wp-json\/wp\/v2\/comments?post=12042"}],"wp:featuredmedia":[{"embeddable":true,"href":"https:\/\/www.lacavedeslecteurs.com\/index.php\/wp-json\/wp\/v2\/media\/17125"}],"wp:attachment":[{"href":"https:\/\/www.lacavedeslecteurs.com\/index.php\/wp-json\/wp\/v2\/media?parent=12042"}],"wp:term":[{"taxonomy":"product_brand","embeddable":true,"href":"https:\/\/www.lacavedeslecteurs.com\/index.php\/wp-json\/wp\/v2\/product_brand?post=12042"},{"taxonomy":"product_cat","embeddable":true,"href":"https:\/\/www.lacavedeslecteurs.com\/index.php\/wp-json\/wp\/v2\/product_cat?post=12042"},{"taxonomy":"product_tag","embeddable":true,"href":"https:\/\/www.lacavedeslecteurs.com\/index.php\/wp-json\/wp\/v2\/product_tag?post=12042"}],"curies":[{"name":"wp","href":"https:\/\/api.w.org\/{rel}","templated":true}]}}