{"id":12044,"date":"2025-12-31T13:04:04","date_gmt":"2025-12-31T13:04:04","guid":{"rendered":"https:\/\/www.lacavedeslecteurs.com\/index.php\/product\/chateau-pigoudet\/"},"modified":"2026-02-13T15:42:45","modified_gmt":"2026-02-13T15:42:45","slug":"chateau-pigoudet","status":"publish","type":"product","link":"https:\/\/www.lacavedeslecteurs.com\/index.php\/product\/chateau-pigoudet\/","title":{"rendered":"Ch\u00e2teau Pigoudet - 2022"},"content":{"rendered":"<p>Grande Cuv\u00e9e du domaine o\u00f9 la fra\u00eecheur et le fruit\u00e9 sont privil\u00e9gi\u00e9s. Acidul\u00e9 en attaque, le milieu de bouche gagne en puissance et donne ses lettres de noblesse \u00e0 un grand ros\u00e9 gris de Provence.<\/p>\n","protected":false},"excerpt":{"rendered":"<p>Grande Cuv\u00e9e du domaine o\u00f9 la fra\u00eecheur et le fruit\u00e9 sont privil\u00e9gi\u00e9s. Acidul\u00e9 en attaque, le milieu de bouche gagne en puissance et donne ses lettres de noblesse \u00e0 un grand ros\u00e9 gris de Provence.<\/p>\n","protected":false},"featured_media":17126,"comment_status":"open","ping_status":"closed","template":"","meta":[],"product_brand":[],"product_cat":[365,138,55,54],"product_tag":[],"class_list":{"0":"post-12044","1":"product","2":"type-product","3":"status-publish","4":"has-post-thumbnail","6":"product_cat-categorie","7":"product_cat-couleurs","8":"product_cat-rose","9":"product_cat-vins-du-sud","11":"first","12":"instock","13":"sale","14":"taxable","15":"shipping-taxable","16":"purchasable","17":"product-type-simple"},"_links":{"self":[{"href":"https:\/\/www.lacavedeslecteurs.com\/index.php\/wp-json\/wp\/v2\/product\/12044","targetHints":{"allow":["GET"]}}],"collection":[{"href":"https:\/\/www.lacavedeslecteurs.com\/index.php\/wp-json\/wp\/v2\/product"}],"about":[{"href":"https:\/\/www.lacavedeslecteurs.com\/index.php\/wp-json\/wp\/v2\/types\/product"}],"replies":[{"embeddable":true,"href":"https:\/\/www.lacavedeslecteurs.com\/index.php\/wp-json\/wp\/v2\/comments?post=12044"}],"wp:featuredmedia":[{"embeddable":true,"href":"https:\/\/www.lacavedeslecteurs.com\/index.php\/wp-json\/wp\/v2\/media\/17126"}],"wp:attachment":[{"href":"https:\/\/www.lacavedeslecteurs.com\/index.php\/wp-json\/wp\/v2\/media?parent=12044"}],"wp:term":[{"taxonomy":"product_brand","embeddable":true,"href":"https:\/\/www.lacavedeslecteurs.com\/index.php\/wp-json\/wp\/v2\/product_brand?post=12044"},{"taxonomy":"product_cat","embeddable":true,"href":"https:\/\/www.lacavedeslecteurs.com\/index.php\/wp-json\/wp\/v2\/product_cat?post=12044"},{"taxonomy":"product_tag","embeddable":true,"href":"https:\/\/www.lacavedeslecteurs.com\/index.php\/wp-json\/wp\/v2\/product_tag?post=12044"}],"curies":[{"name":"wp","href":"https:\/\/api.w.org\/{rel}","templated":true}]}}