{"id":12054,"date":"2025-12-31T13:04:12","date_gmt":"2025-12-31T13:04:12","guid":{"rendered":"https:\/\/www.lacavedeslecteurs.com\/index.php\/product\/chateau-roubine-la-vie-en-rose-bio\/"},"modified":"2026-02-13T15:47:51","modified_gmt":"2026-02-13T15:47:51","slug":"chateau-roubine-la-vie-en-rose-bio","status":"publish","type":"product","link":"https:\/\/www.lacavedeslecteurs.com\/index.php\/product\/chateau-roubine-la-vie-en-rose-bio\/","title":{"rendered":"Ch\u00e2teau Roubine La Vie en Rose BIO - 2022"},"content":{"rendered":"<p>Vendang\u00e9 de nuit et ferment\u00e9 quelques heures \u00e0 basse temp\u00e9rature pour garder un maximum de fraicheur, de finesse et d&rsquo;aromatique. Un plaisir raffin\u00e9 et festif, et quelle belle bouteille !<\/p>\n","protected":false},"excerpt":{"rendered":"<p>Vendang\u00e9 de nuit et ferment\u00e9 quelques heures \u00e0 basse temp\u00e9rature pour garder un maximum de fraicheur, de finesse et d&rsquo;aromatique. Un plaisir raffin\u00e9 et festif, et quelle belle bouteille !<\/p>\n","protected":false},"featured_media":17131,"comment_status":"open","ping_status":"closed","template":"","meta":[],"product_brand":[],"product_cat":[365,138,55,54],"product_tag":[],"class_list":{"0":"post-12054","1":"product","2":"type-product","3":"status-publish","4":"has-post-thumbnail","6":"product_cat-categorie","7":"product_cat-couleurs","8":"product_cat-rose","9":"product_cat-vins-du-sud","11":"first","12":"instock","13":"sale","14":"taxable","15":"shipping-taxable","16":"purchasable","17":"product-type-simple"},"_links":{"self":[{"href":"https:\/\/www.lacavedeslecteurs.com\/index.php\/wp-json\/wp\/v2\/product\/12054","targetHints":{"allow":["GET"]}}],"collection":[{"href":"https:\/\/www.lacavedeslecteurs.com\/index.php\/wp-json\/wp\/v2\/product"}],"about":[{"href":"https:\/\/www.lacavedeslecteurs.com\/index.php\/wp-json\/wp\/v2\/types\/product"}],"replies":[{"embeddable":true,"href":"https:\/\/www.lacavedeslecteurs.com\/index.php\/wp-json\/wp\/v2\/comments?post=12054"}],"wp:featuredmedia":[{"embeddable":true,"href":"https:\/\/www.lacavedeslecteurs.com\/index.php\/wp-json\/wp\/v2\/media\/17131"}],"wp:attachment":[{"href":"https:\/\/www.lacavedeslecteurs.com\/index.php\/wp-json\/wp\/v2\/media?parent=12054"}],"wp:term":[{"taxonomy":"product_brand","embeddable":true,"href":"https:\/\/www.lacavedeslecteurs.com\/index.php\/wp-json\/wp\/v2\/product_brand?post=12054"},{"taxonomy":"product_cat","embeddable":true,"href":"https:\/\/www.lacavedeslecteurs.com\/index.php\/wp-json\/wp\/v2\/product_cat?post=12054"},{"taxonomy":"product_tag","embeddable":true,"href":"https:\/\/www.lacavedeslecteurs.com\/index.php\/wp-json\/wp\/v2\/product_tag?post=12054"}],"curies":[{"name":"wp","href":"https:\/\/api.w.org\/{rel}","templated":true}]}}