{"id":12056,"date":"2025-12-31T13:04:13","date_gmt":"2025-12-31T13:04:13","guid":{"rendered":"https:\/\/www.lacavedeslecteurs.com\/index.php\/product\/domaine-clos-marie-simon-pic-saint-loup-bio\/"},"modified":"2026-02-13T15:47:54","modified_gmt":"2026-02-13T15:47:54","slug":"domaine-clos-marie-simon-pic-saint-loup-bio","status":"publish","type":"product","link":"https:\/\/www.lacavedeslecteurs.com\/index.php\/product\/domaine-clos-marie-simon-pic-saint-loup-bio\/","title":{"rendered":"Domaine Clos Marie \u00ab\u00a0Simon\u00a0\u00bb Pic-Saint-Loup BIO - 2020"},"content":{"rendered":"<p>Un vin puissant, tr\u00e8s \u00e9quilibr\u00e9, aux tanins remarquables, long en bouche exprimant des ar\u00f4mes confits, fum\u00e9s, de poudre de cacao. Une cuv\u00e9e d&rsquo;une grande \u00e9l\u00e9gance et tr\u00e8s appr\u00e9ci\u00e9e des connaisseurs. A d\u00e9couvrir sans plus attendre !!!<\/p>\n","protected":false},"excerpt":{"rendered":"<p>Un vin puissant, tr\u00e8s \u00e9quilibr\u00e9, aux tanins remarquables, long en bouche exprimant des ar\u00f4mes confits, fum\u00e9s, de poudre de cacao. Une cuv\u00e9e d&rsquo;une grande \u00e9l\u00e9gance et tr\u00e8s appr\u00e9ci\u00e9e des connaisseurs. A d\u00e9couvrir sans plus attendre !!!<\/p>\n","protected":false},"featured_media":17132,"comment_status":"open","ping_status":"closed","template":"","meta":[],"product_brand":[],"product_cat":[365,138,27,54],"product_tag":[],"class_list":{"0":"post-12056","1":"product","2":"type-product","3":"status-publish","4":"has-post-thumbnail","6":"product_cat-categorie","7":"product_cat-couleurs","8":"product_cat-rouge","9":"product_cat-vins-du-sud","11":"first","12":"instock","13":"sale","14":"taxable","15":"shipping-taxable","16":"purchasable","17":"product-type-simple"},"_links":{"self":[{"href":"https:\/\/www.lacavedeslecteurs.com\/index.php\/wp-json\/wp\/v2\/product\/12056","targetHints":{"allow":["GET"]}}],"collection":[{"href":"https:\/\/www.lacavedeslecteurs.com\/index.php\/wp-json\/wp\/v2\/product"}],"about":[{"href":"https:\/\/www.lacavedeslecteurs.com\/index.php\/wp-json\/wp\/v2\/types\/product"}],"replies":[{"embeddable":true,"href":"https:\/\/www.lacavedeslecteurs.com\/index.php\/wp-json\/wp\/v2\/comments?post=12056"}],"wp:featuredmedia":[{"embeddable":true,"href":"https:\/\/www.lacavedeslecteurs.com\/index.php\/wp-json\/wp\/v2\/media\/17132"}],"wp:attachment":[{"href":"https:\/\/www.lacavedeslecteurs.com\/index.php\/wp-json\/wp\/v2\/media?parent=12056"}],"wp:term":[{"taxonomy":"product_brand","embeddable":true,"href":"https:\/\/www.lacavedeslecteurs.com\/index.php\/wp-json\/wp\/v2\/product_brand?post=12056"},{"taxonomy":"product_cat","embeddable":true,"href":"https:\/\/www.lacavedeslecteurs.com\/index.php\/wp-json\/wp\/v2\/product_cat?post=12056"},{"taxonomy":"product_tag","embeddable":true,"href":"https:\/\/www.lacavedeslecteurs.com\/index.php\/wp-json\/wp\/v2\/product_tag?post=12056"}],"curies":[{"name":"wp","href":"https:\/\/api.w.org\/{rel}","templated":true}]}}