{"id":12062,"date":"2025-12-31T13:04:15","date_gmt":"2025-12-31T13:04:15","guid":{"rendered":"https:\/\/www.lacavedeslecteurs.com\/index.php\/product\/chateau-de-caraguilhes-solus-bio-2\/"},"modified":"2025-12-31T13:04:15","modified_gmt":"2025-12-31T13:04:15","slug":"chateau-de-caraguilhes-solus-bio-2","status":"publish","type":"product","link":"https:\/\/www.lacavedeslecteurs.com\/index.php\/product\/chateau-de-caraguilhes-solus-bio-2\/","title":{"rendered":"Ch\u00e2teau de Caraguilhes Solus BIO - 2018"},"content":{"rendered":"<p>Terroir unique, le plus frais du Languedoc qui produit des vins intenses, complexes et de belle garde. Une profusion d&rsquo;ar\u00f4mes noirs et d&rsquo;\u00e9pices. \u00c9quilibr\u00e9 et frais, un v\u00e9ritable \u00ab\u00a0plongeon dans la M\u00e9diterran\u00e9e temp\u00e9r\u00e9e\u00a0\u00bb.<\/p>\n","protected":false},"excerpt":{"rendered":"<p>Terroir unique, le plus frais du Languedoc qui produit des vins intenses, complexes et de belle garde. Une profusion d&rsquo;ar\u00f4mes noirs et d&rsquo;\u00e9pices. \u00c9quilibr\u00e9 et frais, un v\u00e9ritable \u00ab\u00a0plongeon dans la M\u00e9diterran\u00e9e temp\u00e9r\u00e9e\u00a0\u00bb.<\/p>\n","protected":false},"featured_media":12063,"comment_status":"open","ping_status":"closed","template":"","meta":[],"product_brand":[],"product_cat":[41,365,138,54],"product_tag":[],"class_list":{"0":"post-12062","1":"product","2":"type-product","3":"status-publish","4":"has-post-thumbnail","6":"product_cat-blanc","7":"product_cat-categorie","8":"product_cat-couleurs","9":"product_cat-vins-du-sud","11":"first","12":"instock","13":"sale","14":"taxable","15":"shipping-taxable","16":"purchasable","17":"product-type-simple"},"_links":{"self":[{"href":"https:\/\/www.lacavedeslecteurs.com\/index.php\/wp-json\/wp\/v2\/product\/12062","targetHints":{"allow":["GET"]}}],"collection":[{"href":"https:\/\/www.lacavedeslecteurs.com\/index.php\/wp-json\/wp\/v2\/product"}],"about":[{"href":"https:\/\/www.lacavedeslecteurs.com\/index.php\/wp-json\/wp\/v2\/types\/product"}],"replies":[{"embeddable":true,"href":"https:\/\/www.lacavedeslecteurs.com\/index.php\/wp-json\/wp\/v2\/comments?post=12062"}],"wp:featuredmedia":[{"embeddable":true,"href":"https:\/\/www.lacavedeslecteurs.com\/index.php\/wp-json\/wp\/v2\/media\/12063"}],"wp:attachment":[{"href":"https:\/\/www.lacavedeslecteurs.com\/index.php\/wp-json\/wp\/v2\/media?parent=12062"}],"wp:term":[{"taxonomy":"product_brand","embeddable":true,"href":"https:\/\/www.lacavedeslecteurs.com\/index.php\/wp-json\/wp\/v2\/product_brand?post=12062"},{"taxonomy":"product_cat","embeddable":true,"href":"https:\/\/www.lacavedeslecteurs.com\/index.php\/wp-json\/wp\/v2\/product_cat?post=12062"},{"taxonomy":"product_tag","embeddable":true,"href":"https:\/\/www.lacavedeslecteurs.com\/index.php\/wp-json\/wp\/v2\/product_tag?post=12062"}],"curies":[{"name":"wp","href":"https:\/\/api.w.org\/{rel}","templated":true}]}}