{"id":12064,"date":"2025-12-31T13:04:15","date_gmt":"2025-12-31T13:04:15","guid":{"rendered":"https:\/\/www.lacavedeslecteurs.com\/index.php\/product\/domaine-du-clos-des-fees-les-sorcieres\/"},"modified":"2026-02-13T15:47:59","modified_gmt":"2026-02-13T15:47:59","slug":"domaine-du-clos-des-fees-les-sorcieres","status":"publish","type":"product","link":"https:\/\/www.lacavedeslecteurs.com\/index.php\/product\/domaine-du-clos-des-fees-les-sorcieres\/","title":{"rendered":"Domaine du Clos des F\u00e9es Les Sorci\u00e8res - 2021"},"content":{"rendered":"<p>Attaque fruit\u00e9e, a\u00e9rienne et go\u00fbteuse. Vin tendu mais sans exc\u00e8s. M\u00fbr, frais, avec une finale d\u00e9salt\u00e9rante qui donne envie de boire \u00e0 grandes lamp\u00e9es.<\/p>\n","protected":false},"excerpt":{"rendered":"<p>Attaque fruit\u00e9e, a\u00e9rienne et go\u00fbteuse. Vin tendu mais sans exc\u00e8s. M\u00fbr, frais, avec une finale d\u00e9salt\u00e9rante qui donne envie de boire \u00e0 grandes lamp\u00e9es.<\/p>\n","protected":false},"featured_media":17136,"comment_status":"open","ping_status":"closed","template":"","meta":[],"product_brand":[],"product_cat":[365,138,27,54],"product_tag":[],"class_list":{"0":"post-12064","1":"product","2":"type-product","3":"status-publish","4":"has-post-thumbnail","6":"product_cat-categorie","7":"product_cat-couleurs","8":"product_cat-rouge","9":"product_cat-vins-du-sud","11":"first","12":"instock","13":"sale","14":"taxable","15":"shipping-taxable","16":"purchasable","17":"product-type-simple"},"_links":{"self":[{"href":"https:\/\/www.lacavedeslecteurs.com\/index.php\/wp-json\/wp\/v2\/product\/12064","targetHints":{"allow":["GET"]}}],"collection":[{"href":"https:\/\/www.lacavedeslecteurs.com\/index.php\/wp-json\/wp\/v2\/product"}],"about":[{"href":"https:\/\/www.lacavedeslecteurs.com\/index.php\/wp-json\/wp\/v2\/types\/product"}],"replies":[{"embeddable":true,"href":"https:\/\/www.lacavedeslecteurs.com\/index.php\/wp-json\/wp\/v2\/comments?post=12064"}],"wp:featuredmedia":[{"embeddable":true,"href":"https:\/\/www.lacavedeslecteurs.com\/index.php\/wp-json\/wp\/v2\/media\/17136"}],"wp:attachment":[{"href":"https:\/\/www.lacavedeslecteurs.com\/index.php\/wp-json\/wp\/v2\/media?parent=12064"}],"wp:term":[{"taxonomy":"product_brand","embeddable":true,"href":"https:\/\/www.lacavedeslecteurs.com\/index.php\/wp-json\/wp\/v2\/product_brand?post=12064"},{"taxonomy":"product_cat","embeddable":true,"href":"https:\/\/www.lacavedeslecteurs.com\/index.php\/wp-json\/wp\/v2\/product_cat?post=12064"},{"taxonomy":"product_tag","embeddable":true,"href":"https:\/\/www.lacavedeslecteurs.com\/index.php\/wp-json\/wp\/v2\/product_tag?post=12064"}],"curies":[{"name":"wp","href":"https:\/\/api.w.org\/{rel}","templated":true}]}}