{"id":12066,"date":"2025-12-31T13:04:17","date_gmt":"2025-12-31T13:04:17","guid":{"rendered":"https:\/\/www.lacavedeslecteurs.com\/index.php\/product\/chateau-sainte-marguerite-symphonie-bio\/"},"modified":"2026-02-13T15:48:01","modified_gmt":"2026-02-13T15:48:01","slug":"chateau-sainte-marguerite-symphonie-bio","status":"publish","type":"product","link":"https:\/\/www.lacavedeslecteurs.com\/index.php\/product\/chateau-sainte-marguerite-symphonie-bio\/","title":{"rendered":"Ch\u00e2teau Sainte-Marguerite Symphonie BIO - 2020"},"content":{"rendered":"<p>Belle couleur grenat. Belle dualit\u00e9 entre les fruits noirs et confits et des tonalit\u00e9s \u00e9pic\u00e9es. En bouche, bel ensemble, ample et soyeux soutenu par le fruit. Accompagnera parfaitement un filet de boeuf Wellington.<\/p>\n","protected":false},"excerpt":{"rendered":"<p>Belle couleur grenat. Belle dualit\u00e9 entre les fruits noirs et confits et des tonalit\u00e9s \u00e9pic\u00e9es. En bouche, bel ensemble, ample et soyeux soutenu par le fruit. Accompagnera parfaitement un filet de boeuf Wellington.<\/p>\n","protected":false},"featured_media":17137,"comment_status":"open","ping_status":"closed","template":"","meta":[],"product_brand":[],"product_cat":[365,138,27,54],"product_tag":[],"class_list":{"0":"post-12066","1":"product","2":"type-product","3":"status-publish","4":"has-post-thumbnail","6":"product_cat-categorie","7":"product_cat-couleurs","8":"product_cat-rouge","9":"product_cat-vins-du-sud","11":"first","12":"instock","13":"sale","14":"taxable","15":"shipping-taxable","16":"purchasable","17":"product-type-simple"},"_links":{"self":[{"href":"https:\/\/www.lacavedeslecteurs.com\/index.php\/wp-json\/wp\/v2\/product\/12066","targetHints":{"allow":["GET"]}}],"collection":[{"href":"https:\/\/www.lacavedeslecteurs.com\/index.php\/wp-json\/wp\/v2\/product"}],"about":[{"href":"https:\/\/www.lacavedeslecteurs.com\/index.php\/wp-json\/wp\/v2\/types\/product"}],"replies":[{"embeddable":true,"href":"https:\/\/www.lacavedeslecteurs.com\/index.php\/wp-json\/wp\/v2\/comments?post=12066"}],"wp:featuredmedia":[{"embeddable":true,"href":"https:\/\/www.lacavedeslecteurs.com\/index.php\/wp-json\/wp\/v2\/media\/17137"}],"wp:attachment":[{"href":"https:\/\/www.lacavedeslecteurs.com\/index.php\/wp-json\/wp\/v2\/media?parent=12066"}],"wp:term":[{"taxonomy":"product_brand","embeddable":true,"href":"https:\/\/www.lacavedeslecteurs.com\/index.php\/wp-json\/wp\/v2\/product_brand?post=12066"},{"taxonomy":"product_cat","embeddable":true,"href":"https:\/\/www.lacavedeslecteurs.com\/index.php\/wp-json\/wp\/v2\/product_cat?post=12066"},{"taxonomy":"product_tag","embeddable":true,"href":"https:\/\/www.lacavedeslecteurs.com\/index.php\/wp-json\/wp\/v2\/product_tag?post=12066"}],"curies":[{"name":"wp","href":"https:\/\/api.w.org\/{rel}","templated":true}]}}