{"id":12068,"date":"2025-12-31T13:04:19","date_gmt":"2025-12-31T13:04:19","guid":{"rendered":"https:\/\/www.lacavedeslecteurs.com\/index.php\/product\/maison-sainte-marguerite-symphonie\/"},"modified":"2026-02-13T15:48:05","modified_gmt":"2026-02-13T15:48:05","slug":"maison-sainte-marguerite-symphonie","status":"publish","type":"product","link":"https:\/\/www.lacavedeslecteurs.com\/index.php\/product\/maison-sainte-marguerite-symphonie\/","title":{"rendered":"Maison Sainte Marguerite Symphonie - 2021"},"content":{"rendered":"<p>Un nez aromatique, riche et pr\u00e9cis. Une bouche exquise avec un toucher doux et lisse. Les flaveurs d\u2019\u00e9pices orientales, d\u2019abricots m\u00eal\u00e9s \u00e0 des notes de pain grill\u00e9 conf\u00e8rent au vin richesse et longueur.<\/p>\n","protected":false},"excerpt":{"rendered":"<p>Un nez aromatique, riche et pr\u00e9cis. Une bouche exquise avec un toucher doux et lisse. Les flaveurs d\u2019\u00e9pices orientales, d\u2019abricots m\u00eal\u00e9s \u00e0 des notes de pain grill\u00e9 conf\u00e8rent au vin richesse et longueur.<\/p>\n","protected":false},"featured_media":17138,"comment_status":"open","ping_status":"closed","template":"","meta":[],"product_brand":[],"product_cat":[41,365,138,54],"product_tag":[],"class_list":{"0":"post-12068","1":"product","2":"type-product","3":"status-publish","4":"has-post-thumbnail","6":"product_cat-blanc","7":"product_cat-categorie","8":"product_cat-couleurs","9":"product_cat-vins-du-sud","11":"first","12":"instock","13":"sale","14":"taxable","15":"shipping-taxable","16":"purchasable","17":"product-type-simple"},"_links":{"self":[{"href":"https:\/\/www.lacavedeslecteurs.com\/index.php\/wp-json\/wp\/v2\/product\/12068","targetHints":{"allow":["GET"]}}],"collection":[{"href":"https:\/\/www.lacavedeslecteurs.com\/index.php\/wp-json\/wp\/v2\/product"}],"about":[{"href":"https:\/\/www.lacavedeslecteurs.com\/index.php\/wp-json\/wp\/v2\/types\/product"}],"replies":[{"embeddable":true,"href":"https:\/\/www.lacavedeslecteurs.com\/index.php\/wp-json\/wp\/v2\/comments?post=12068"}],"wp:featuredmedia":[{"embeddable":true,"href":"https:\/\/www.lacavedeslecteurs.com\/index.php\/wp-json\/wp\/v2\/media\/17138"}],"wp:attachment":[{"href":"https:\/\/www.lacavedeslecteurs.com\/index.php\/wp-json\/wp\/v2\/media?parent=12068"}],"wp:term":[{"taxonomy":"product_brand","embeddable":true,"href":"https:\/\/www.lacavedeslecteurs.com\/index.php\/wp-json\/wp\/v2\/product_brand?post=12068"},{"taxonomy":"product_cat","embeddable":true,"href":"https:\/\/www.lacavedeslecteurs.com\/index.php\/wp-json\/wp\/v2\/product_cat?post=12068"},{"taxonomy":"product_tag","embeddable":true,"href":"https:\/\/www.lacavedeslecteurs.com\/index.php\/wp-json\/wp\/v2\/product_tag?post=12068"}],"curies":[{"name":"wp","href":"https:\/\/api.w.org\/{rel}","templated":true}]}}