{"id":12072,"date":"2025-12-31T13:04:21","date_gmt":"2025-12-31T13:04:21","guid":{"rendered":"https:\/\/www.lacavedeslecteurs.com\/index.php\/product\/mas-de-la-seranne-antonin-et-louis-bio\/"},"modified":"2026-02-13T15:48:09","modified_gmt":"2026-02-13T15:48:09","slug":"mas-de-la-seranne-antonin-et-louis-bio","status":"publish","type":"product","link":"https:\/\/www.lacavedeslecteurs.com\/index.php\/product\/mas-de-la-seranne-antonin-et-louis-bio\/","title":{"rendered":"Mas de La Seranne Antonin et Louis BIO - 2020"},"content":{"rendered":"<p>C\u2019est un privil\u00e8ge de vous proposer cette p\u00e9pite encore m\u00e9connue, tout \u00e0 fait unique dans son profil sinc\u00e8re, profond, loin des caricatures \u00ab bodybuild\u00e9es \u00bb : attaque min\u00e9rale avec des notes balsamiques, menthol\u00e9es et poivr\u00e9es.<\/p>\n","protected":false},"excerpt":{"rendered":"<p>C\u2019est un privil\u00e8ge de vous proposer cette p\u00e9pite encore m\u00e9connue, tout \u00e0 fait unique dans son profil sinc\u00e8re, profond, loin des caricatures \u00ab bodybuild\u00e9es \u00bb : attaque min\u00e9rale avec des notes balsamiques, menthol\u00e9es et poivr\u00e9es.<\/p>\n","protected":false},"featured_media":17140,"comment_status":"open","ping_status":"closed","template":"","meta":[],"product_brand":[],"product_cat":[365,138,27,54],"product_tag":[],"class_list":{"0":"post-12072","1":"product","2":"type-product","3":"status-publish","4":"has-post-thumbnail","6":"product_cat-categorie","7":"product_cat-couleurs","8":"product_cat-rouge","9":"product_cat-vins-du-sud","11":"first","12":"instock","13":"sale","14":"taxable","15":"shipping-taxable","16":"purchasable","17":"product-type-simple"},"_links":{"self":[{"href":"https:\/\/www.lacavedeslecteurs.com\/index.php\/wp-json\/wp\/v2\/product\/12072","targetHints":{"allow":["GET"]}}],"collection":[{"href":"https:\/\/www.lacavedeslecteurs.com\/index.php\/wp-json\/wp\/v2\/product"}],"about":[{"href":"https:\/\/www.lacavedeslecteurs.com\/index.php\/wp-json\/wp\/v2\/types\/product"}],"replies":[{"embeddable":true,"href":"https:\/\/www.lacavedeslecteurs.com\/index.php\/wp-json\/wp\/v2\/comments?post=12072"}],"wp:featuredmedia":[{"embeddable":true,"href":"https:\/\/www.lacavedeslecteurs.com\/index.php\/wp-json\/wp\/v2\/media\/17140"}],"wp:attachment":[{"href":"https:\/\/www.lacavedeslecteurs.com\/index.php\/wp-json\/wp\/v2\/media?parent=12072"}],"wp:term":[{"taxonomy":"product_brand","embeddable":true,"href":"https:\/\/www.lacavedeslecteurs.com\/index.php\/wp-json\/wp\/v2\/product_brand?post=12072"},{"taxonomy":"product_cat","embeddable":true,"href":"https:\/\/www.lacavedeslecteurs.com\/index.php\/wp-json\/wp\/v2\/product_cat?post=12072"},{"taxonomy":"product_tag","embeddable":true,"href":"https:\/\/www.lacavedeslecteurs.com\/index.php\/wp-json\/wp\/v2\/product_tag?post=12072"}],"curies":[{"name":"wp","href":"https:\/\/api.w.org\/{rel}","templated":true}]}}