{"id":12074,"date":"2025-12-31T13:04:22","date_gmt":"2025-12-31T13:04:22","guid":{"rendered":"https:\/\/www.lacavedeslecteurs.com\/index.php\/product\/domaine-leon-barral-tradition-bio\/"},"modified":"2026-02-13T15:48:10","modified_gmt":"2026-02-13T15:48:10","slug":"domaine-leon-barral-tradition-bio","status":"publish","type":"product","link":"https:\/\/www.lacavedeslecteurs.com\/index.php\/product\/domaine-leon-barral-tradition-bio\/","title":{"rendered":"Domaine L\u00e9on Barral Tradition BIO - 2019"},"content":{"rendered":"<p>La cuv\u00e9e \u00ab Tradition \u00bb est fruit\u00e9e et puissante. Avec le temps, elle s\u2019affine pour donner le meilleur d\u2019elle-m\u00eame apr\u00e8s 5-8 ans. A carafer une heure avant d\u00e9gustation.<\/p>\n","protected":false},"excerpt":{"rendered":"<p>La cuv\u00e9e \u00ab Tradition \u00bb est fruit\u00e9e et puissante. Avec le temps, elle s\u2019affine pour donner le meilleur d\u2019elle-m\u00eame apr\u00e8s 5-8 ans. A carafer une heure avant d\u00e9gustation.<\/p>\n","protected":false},"featured_media":17141,"comment_status":"open","ping_status":"closed","template":"","meta":[],"product_brand":[],"product_cat":[365,138,27,54],"product_tag":[],"class_list":{"0":"post-12074","1":"product","2":"type-product","3":"status-publish","4":"has-post-thumbnail","6":"product_cat-categorie","7":"product_cat-couleurs","8":"product_cat-rouge","9":"product_cat-vins-du-sud","11":"first","12":"instock","13":"sale","14":"taxable","15":"shipping-taxable","16":"purchasable","17":"product-type-simple"},"_links":{"self":[{"href":"https:\/\/www.lacavedeslecteurs.com\/index.php\/wp-json\/wp\/v2\/product\/12074","targetHints":{"allow":["GET"]}}],"collection":[{"href":"https:\/\/www.lacavedeslecteurs.com\/index.php\/wp-json\/wp\/v2\/product"}],"about":[{"href":"https:\/\/www.lacavedeslecteurs.com\/index.php\/wp-json\/wp\/v2\/types\/product"}],"replies":[{"embeddable":true,"href":"https:\/\/www.lacavedeslecteurs.com\/index.php\/wp-json\/wp\/v2\/comments?post=12074"}],"wp:featuredmedia":[{"embeddable":true,"href":"https:\/\/www.lacavedeslecteurs.com\/index.php\/wp-json\/wp\/v2\/media\/17141"}],"wp:attachment":[{"href":"https:\/\/www.lacavedeslecteurs.com\/index.php\/wp-json\/wp\/v2\/media?parent=12074"}],"wp:term":[{"taxonomy":"product_brand","embeddable":true,"href":"https:\/\/www.lacavedeslecteurs.com\/index.php\/wp-json\/wp\/v2\/product_brand?post=12074"},{"taxonomy":"product_cat","embeddable":true,"href":"https:\/\/www.lacavedeslecteurs.com\/index.php\/wp-json\/wp\/v2\/product_cat?post=12074"},{"taxonomy":"product_tag","embeddable":true,"href":"https:\/\/www.lacavedeslecteurs.com\/index.php\/wp-json\/wp\/v2\/product_tag?post=12074"}],"curies":[{"name":"wp","href":"https:\/\/api.w.org\/{rel}","templated":true}]}}