{"id":14327,"date":"2026-01-26T10:31:42","date_gmt":"2026-01-26T10:31:42","guid":{"rendered":"https:\/\/www.lacavedeslecteurs.com\/index.php\/product\/coffret-decouverte-6-bouteilles-accedez-a-des-domaines-confidentiels\/"},"modified":"2026-02-13T15:35:19","modified_gmt":"2026-02-13T15:35:19","slug":"coffret-decouverte-6-bouteilles-accedez-a-des-domaines-confidentiels","status":"publish","type":"product","link":"https:\/\/www.lacavedeslecteurs.com\/index.php\/product\/coffret-decouverte-6-bouteilles-accedez-a-des-domaines-confidentiels\/","title":{"rendered":"COFFRET D\u00c9COUVERTE &#8211; 6 bouteilles : Acc\u00e9dez \u00e0 des domaines confidentiels"},"content":{"rendered":"<p>GRAVES Chateau Haura 2019<br \/>\nSAINT-V\u00c9RAN Domaine Sophie Martin 2022<br \/>\nVDF SYRAH La Champine Domaine Gerin 2018<br \/>\nC\u00d4TES-DU-RH\u00d4NE Vieilles Vignes Clos du Mont-Olivet 2020<br \/>\nVIN DE PAYS D&rsquo;OC Pulp Clos Des Nines 2020  \u2013 BIO<br \/>\nMORGON Corcelette Domaine Striffling  2019<\/p>\n","protected":false},"excerpt":{"rendered":"<p>GRAVES Chateau Haura 2019 SAINT-V\u00c9RAN Domaine Sophie Martin 2022 VDF SYRAH La Champine Domaine Gerin 2018 C\u00d4TES-DU-RH\u00d4NE Vieilles Vignes Clos du Mont-Olivet 2020 VIN DE PAYS D&rsquo;OC Pulp Clos Des Nines 2020 \u2013 BIO MORGON Corcelette Domaine Striffling 2019<\/p>\n","protected":false},"featured_media":16910,"comment_status":"open","ping_status":"closed","template":"","meta":[],"product_brand":[],"product_cat":[365,126],"product_tag":[],"class_list":{"0":"post-14327","1":"product","2":"type-product","3":"status-publish","4":"has-post-thumbnail","6":"product_cat-categorie","7":"product_cat-coffrets","9":"first","10":"instock","11":"sale","12":"taxable","13":"shipping-taxable","14":"purchasable","15":"product-type-simple"},"_links":{"self":[{"href":"https:\/\/www.lacavedeslecteurs.com\/index.php\/wp-json\/wp\/v2\/product\/14327","targetHints":{"allow":["GET"]}}],"collection":[{"href":"https:\/\/www.lacavedeslecteurs.com\/index.php\/wp-json\/wp\/v2\/product"}],"about":[{"href":"https:\/\/www.lacavedeslecteurs.com\/index.php\/wp-json\/wp\/v2\/types\/product"}],"replies":[{"embeddable":true,"href":"https:\/\/www.lacavedeslecteurs.com\/index.php\/wp-json\/wp\/v2\/comments?post=14327"}],"wp:featuredmedia":[{"embeddable":true,"href":"https:\/\/www.lacavedeslecteurs.com\/index.php\/wp-json\/wp\/v2\/media\/16910"}],"wp:attachment":[{"href":"https:\/\/www.lacavedeslecteurs.com\/index.php\/wp-json\/wp\/v2\/media?parent=14327"}],"wp:term":[{"taxonomy":"product_brand","embeddable":true,"href":"https:\/\/www.lacavedeslecteurs.com\/index.php\/wp-json\/wp\/v2\/product_brand?post=14327"},{"taxonomy":"product_cat","embeddable":true,"href":"https:\/\/www.lacavedeslecteurs.com\/index.php\/wp-json\/wp\/v2\/product_cat?post=14327"},{"taxonomy":"product_tag","embeddable":true,"href":"https:\/\/www.lacavedeslecteurs.com\/index.php\/wp-json\/wp\/v2\/product_tag?post=14327"}],"curies":[{"name":"wp","href":"https:\/\/api.w.org\/{rel}","templated":true}]}}