{"id":14331,"date":"2026-01-26T10:31:48","date_gmt":"2026-01-26T10:31:48","guid":{"rendered":"https:\/\/www.lacavedeslecteurs.com\/index.php\/product\/coffret-decouverte-6-bouteilles-regions-vinicoles-a-explorer\/"},"modified":"2026-02-13T15:35:22","modified_gmt":"2026-02-13T15:35:22","slug":"coffret-decouverte-6-bouteilles-regions-vinicoles-a-explorer","status":"publish","type":"product","link":"https:\/\/www.lacavedeslecteurs.com\/index.php\/product\/coffret-decouverte-6-bouteilles-regions-vinicoles-a-explorer\/","title":{"rendered":"COFFRET D\u00c9COUVERTE &#8211; 6 bouteilles : R\u00e9gions vinicoles \u00e0 explorer"},"content":{"rendered":"<p>BORDEAUX SUP\u00c9RIEUR Ch\u00e2teau Prince Larquey 2016<br \/>\nSAINT-CHINIAN Excellence Jean de Roze 2017<br \/>\nC\u00d4TES-DU-RH\u00d4NE Cuv\u00e9e +C Long Domaine Fond Crozes 2021<br \/>\nIGP C\u00d4TES DE GASCOGNE L&rsquo;\u00c9clat Domaine de Jo\u00ff 2023<br \/>\nD.O TERRA ALTA L&rsquo;Oratge Blanc Vin d&rsquo;Espagne 2022<br \/>\nVIN DE FRANCE C\u0153ur de Pinot 2021<\/p>\n","protected":false},"excerpt":{"rendered":"<p>BORDEAUX SUP\u00c9RIEUR Ch\u00e2teau Prince Larquey 2016 SAINT-CHINIAN Excellence Jean de Roze 2017 C\u00d4TES-DU-RH\u00d4NE Cuv\u00e9e +C Long Domaine Fond Crozes 2021 IGP C\u00d4TES DE GASCOGNE L&rsquo;\u00c9clat Domaine de Jo\u00ff 2023 D.O TERRA ALTA L&rsquo;Oratge Blanc Vin d&rsquo;Espagne 2022 VIN DE FRANCE C\u0153ur de Pinot 2021<\/p>\n","protected":false},"featured_media":16912,"comment_status":"open","ping_status":"closed","template":"","meta":[],"product_brand":[],"product_cat":[365,126],"product_tag":[],"class_list":{"0":"post-14331","1":"product","2":"type-product","3":"status-publish","4":"has-post-thumbnail","6":"product_cat-categorie","7":"product_cat-coffrets","9":"first","10":"instock","11":"sale","12":"taxable","13":"shipping-taxable","14":"purchasable","15":"product-type-simple"},"_links":{"self":[{"href":"https:\/\/www.lacavedeslecteurs.com\/index.php\/wp-json\/wp\/v2\/product\/14331","targetHints":{"allow":["GET"]}}],"collection":[{"href":"https:\/\/www.lacavedeslecteurs.com\/index.php\/wp-json\/wp\/v2\/product"}],"about":[{"href":"https:\/\/www.lacavedeslecteurs.com\/index.php\/wp-json\/wp\/v2\/types\/product"}],"replies":[{"embeddable":true,"href":"https:\/\/www.lacavedeslecteurs.com\/index.php\/wp-json\/wp\/v2\/comments?post=14331"}],"wp:featuredmedia":[{"embeddable":true,"href":"https:\/\/www.lacavedeslecteurs.com\/index.php\/wp-json\/wp\/v2\/media\/16912"}],"wp:attachment":[{"href":"https:\/\/www.lacavedeslecteurs.com\/index.php\/wp-json\/wp\/v2\/media?parent=14331"}],"wp:term":[{"taxonomy":"product_brand","embeddable":true,"href":"https:\/\/www.lacavedeslecteurs.com\/index.php\/wp-json\/wp\/v2\/product_brand?post=14331"},{"taxonomy":"product_cat","embeddable":true,"href":"https:\/\/www.lacavedeslecteurs.com\/index.php\/wp-json\/wp\/v2\/product_cat?post=14331"},{"taxonomy":"product_tag","embeddable":true,"href":"https:\/\/www.lacavedeslecteurs.com\/index.php\/wp-json\/wp\/v2\/product_tag?post=14331"}],"curies":[{"name":"wp","href":"https:\/\/api.w.org\/{rel}","templated":true}]}}