{"id":14339,"date":"2026-01-26T10:31:56","date_gmt":"2026-01-26T10:31:56","guid":{"rendered":"https:\/\/www.lacavedeslecteurs.com\/index.php\/product\/coffret-decouverte-3-bouteilles-bordeaux-bourgogne-rhone\/"},"modified":"2026-02-13T15:35:30","modified_gmt":"2026-02-13T15:35:30","slug":"coffret-decouverte-3-bouteilles-bordeaux-bourgogne-rhone","status":"publish","type":"product","link":"https:\/\/www.lacavedeslecteurs.com\/index.php\/product\/coffret-decouverte-3-bouteilles-bordeaux-bourgogne-rhone\/","title":{"rendered":"COFFRET D\u00c9COUVERTE &#8211; 3 bouteilles : Bordeaux &#8211; Bourgogne &#8211; Rh\u00f4ne"},"content":{"rendered":"<p>C\u00d4TES DU RH\u00d4NE Cuv\u00e9e 1819 Ch\u00e2teau de L&rsquo;Olivete 2022<br \/>\nM\u00c9DOC Ch\u00e2teau Rose du Pont 2016<br \/>\nVIN DE FRANCE \u00c9clat de Chardonnay 2023<\/p>\n","protected":false},"excerpt":{"rendered":"<p>C\u00d4TES DU RH\u00d4NE Cuv\u00e9e 1819 Ch\u00e2teau de L&rsquo;Olivete 2022 M\u00c9DOC Ch\u00e2teau Rose du Pont 2016 VIN DE FRANCE \u00c9clat de Chardonnay 2023<\/p>\n","protected":false},"featured_media":16916,"comment_status":"open","ping_status":"closed","template":"","meta":[],"product_brand":[],"product_cat":[365,126],"product_tag":[],"class_list":{"0":"post-14339","1":"product","2":"type-product","3":"status-publish","4":"has-post-thumbnail","6":"product_cat-categorie","7":"product_cat-coffrets","9":"first","10":"instock","11":"sale","12":"taxable","13":"shipping-taxable","14":"purchasable","15":"product-type-simple"},"_links":{"self":[{"href":"https:\/\/www.lacavedeslecteurs.com\/index.php\/wp-json\/wp\/v2\/product\/14339","targetHints":{"allow":["GET"]}}],"collection":[{"href":"https:\/\/www.lacavedeslecteurs.com\/index.php\/wp-json\/wp\/v2\/product"}],"about":[{"href":"https:\/\/www.lacavedeslecteurs.com\/index.php\/wp-json\/wp\/v2\/types\/product"}],"replies":[{"embeddable":true,"href":"https:\/\/www.lacavedeslecteurs.com\/index.php\/wp-json\/wp\/v2\/comments?post=14339"}],"wp:featuredmedia":[{"embeddable":true,"href":"https:\/\/www.lacavedeslecteurs.com\/index.php\/wp-json\/wp\/v2\/media\/16916"}],"wp:attachment":[{"href":"https:\/\/www.lacavedeslecteurs.com\/index.php\/wp-json\/wp\/v2\/media?parent=14339"}],"wp:term":[{"taxonomy":"product_brand","embeddable":true,"href":"https:\/\/www.lacavedeslecteurs.com\/index.php\/wp-json\/wp\/v2\/product_brand?post=14339"},{"taxonomy":"product_cat","embeddable":true,"href":"https:\/\/www.lacavedeslecteurs.com\/index.php\/wp-json\/wp\/v2\/product_cat?post=14339"},{"taxonomy":"product_tag","embeddable":true,"href":"https:\/\/www.lacavedeslecteurs.com\/index.php\/wp-json\/wp\/v2\/product_tag?post=14339"}],"curies":[{"name":"wp","href":"https:\/\/api.w.org\/{rel}","templated":true}]}}