{"id":17145,"date":"2026-02-13T15:48:13","date_gmt":"2026-02-13T15:48:13","guid":{"rendered":"https:\/\/www.lacavedeslecteurs.com\/index.php\/product\/cotes-du-rhone-cuvee-1819-chateau-de-lolivete-2022\/"},"modified":"2026-02-16T10:06:45","modified_gmt":"2026-02-16T10:06:45","slug":"cotes-du-rhone-cuvee-1819-chateau-de-lolivete-2022","status":"publish","type":"product","link":"https:\/\/www.lacavedeslecteurs.com\/index.php\/product\/cotes-du-rhone-cuvee-1819-chateau-de-lolivete-2022\/","title":{"rendered":"C\u00f4tes du Rh\u00f4ne Cuv\u00e9e 1819 &#8211; Ch\u00e2teau de L\u2019Olivete 2022 - 2022"},"content":{"rendered":"<p>La Cuv\u00e9e 1819 2022 du Ch\u00e2teau de L\u2019Olivete est un vin rouge des C\u00f4tes-du-Rh\u00f4ne qui rend hommage \u00e0 l\u2019histoire du domaine \u00e0 travers une interpr\u00e9tation authentique et g\u00e9n\u00e9reuse de l\u2019appellation. Issue de terroirs baign\u00e9s de soleil et rafra\u00eechis par le mistral, cette cuv\u00e9e met en avant l\u2019\u00e9quilibre entre fruit, structure et gourmandise, signature des grands C\u00f4tes-du-Rh\u00f4ne de caract\u00e8re.<\/p>\n<p>\u00c0 la d\u00e9gustation, ce C\u00f4tes-du-Rh\u00f4ne 2022 pr\u00e9sente une robe rubis profonde et brillante. Le nez est expressif, marqu\u00e9 par des ar\u00f4mes de fruits rouges et noirs m\u00fbrs (cerise, m\u00fbre), de garrigue et de notes \u00e9pic\u00e9es. En bouche, l\u2019attaque est souple et ronde, la mati\u00e8re bien \u00e9quilibr\u00e9e, avec des tanins fondus et une finale chaleureuse et persistante.<\/p>\n<p>Conviviale et accessible, la Cuv\u00e9e 1819 est id\u00e9ale pour le plaisir du quotidien comme pour les repas entre amis. Elle accompagne parfaitement grillades, viandes r\u00f4ties, plats m\u00e9diterran\u00e9ens, p\u00e2tes, plats en sauce et fromages. Un C\u00f4tes-du-Rh\u00f4ne g\u00e9n\u00e9reux et harmonieux, fid\u00e8le \u00e0 l\u2019esprit du Ch\u00e2teau de L\u2019Olivete.<\/p>\n","protected":false},"excerpt":{"rendered":"<p>La Cuv\u00e9e 1819 2022 du Ch\u00e2teau de L\u2019Olivete est un vin rouge des C\u00f4tes-du-Rh\u00f4ne qui rend hommage \u00e0 l\u2019histoire du domaine \u00e0 travers une interpr\u00e9tation authentique et g\u00e9n\u00e9reuse de l\u2019appellation. Issue de terroirs baign\u00e9s de soleil et rafra\u00eechis par le mistral, cette cuv\u00e9e met en avant l\u2019\u00e9quilibre entre fruit, structure et gourmandise, signature des grands [&hellip;]<\/p>\n","protected":false},"featured_media":17146,"comment_status":"open","ping_status":"closed","template":"","meta":[],"product_brand":[],"product_cat":[138,680,27],"product_tag":[],"class_list":{"0":"post-17145","1":"product","2":"type-product","3":"status-publish","4":"has-post-thumbnail","6":"product_cat-couleurs","7":"product_cat-promo","8":"product_cat-rouge","10":"first","11":"instock","12":"sale","13":"taxable","14":"shipping-taxable","15":"purchasable","16":"product-type-simple"},"_links":{"self":[{"href":"https:\/\/www.lacavedeslecteurs.com\/index.php\/wp-json\/wp\/v2\/product\/17145","targetHints":{"allow":["GET"]}}],"collection":[{"href":"https:\/\/www.lacavedeslecteurs.com\/index.php\/wp-json\/wp\/v2\/product"}],"about":[{"href":"https:\/\/www.lacavedeslecteurs.com\/index.php\/wp-json\/wp\/v2\/types\/product"}],"replies":[{"embeddable":true,"href":"https:\/\/www.lacavedeslecteurs.com\/index.php\/wp-json\/wp\/v2\/comments?post=17145"}],"wp:featuredmedia":[{"embeddable":true,"href":"https:\/\/www.lacavedeslecteurs.com\/index.php\/wp-json\/wp\/v2\/media\/17146"}],"wp:attachment":[{"href":"https:\/\/www.lacavedeslecteurs.com\/index.php\/wp-json\/wp\/v2\/media?parent=17145"}],"wp:term":[{"taxonomy":"product_brand","embeddable":true,"href":"https:\/\/www.lacavedeslecteurs.com\/index.php\/wp-json\/wp\/v2\/product_brand?post=17145"},{"taxonomy":"product_cat","embeddable":true,"href":"https:\/\/www.lacavedeslecteurs.com\/index.php\/wp-json\/wp\/v2\/product_cat?post=17145"},{"taxonomy":"product_tag","embeddable":true,"href":"https:\/\/www.lacavedeslecteurs.com\/index.php\/wp-json\/wp\/v2\/product_tag?post=17145"}],"curies":[{"name":"wp","href":"https:\/\/api.w.org\/{rel}","templated":true}]}}