{"id":17147,"date":"2026-02-13T15:48:14","date_gmt":"2026-02-13T15:48:14","guid":{"rendered":"https:\/\/www.lacavedeslecteurs.com\/index.php\/product\/espagne-d-o-terra-alta-loratge-blanc-2023-jai-de-haan-altes-loratge-terra-alta-espagne-2022\/"},"modified":"2026-02-16T10:05:59","modified_gmt":"2026-02-16T10:05:59","slug":"espagne-d-o-terra-alta-loratge-blanc-2023-jai-de-haan-altes-loratge-terra-alta-espagne-2022","status":"publish","type":"product","link":"https:\/\/www.lacavedeslecteurs.com\/index.php\/product\/espagne-d-o-terra-alta-loratge-blanc-2023-jai-de-haan-altes-loratge-terra-alta-espagne-2022\/","title":{"rendered":"Espagne D.O Terra Alta L\u2019Oratge Blanc 2023 ; j&rsquo;ai De Haan Altes \u00ab L\u2019Oratge \u00bb Terra Alta Espagne &#8211; 2022 - 2022"},"content":{"rendered":"<p>Le L\u2019Oratge Blanc 2022 du domaine De Haan Altes est un vin blanc espagnol de la D.O. Terra Alta, appellation situ\u00e9e en Catalogne, reconnue pour ses vins lumineux et expressifs. Issu principalement du c\u00e9page Garnacha Blanca, embl\u00e9matique de la r\u00e9gion, ce vin refl\u00e8te un terroir marqu\u00e9 par l\u2019altitude, les sols calcaires et l\u2019influence des vents, qui apportent fra\u00eecheur et \u00e9quilibre malgr\u00e9 le climat m\u00e9diterran\u00e9en.<\/p>\n<p>\u00c0 la d\u00e9gustation, ce Terra Alta blanc 2022 pr\u00e9sente une robe p\u00e2le et brillante. Le nez est \u00e9l\u00e9gant et aromatique, marqu\u00e9 par des ar\u00f4mes de fruits \u00e0 chair blanche (poire, pomme), de fleurs blanches, d\u2019agrumes, avec une subtile note min\u00e9rale. En bouche, l\u2019attaque est fra\u00eeche et pr\u00e9cise, la texture est souple et harmonieuse, offrant une belle rondeur \u00e9quilibr\u00e9e par une finale nette et rafra\u00eechissante.<\/p>\n<p>Gourmand et accessible, L\u2019Oratge Blanc est un vin polyvalent qui se d\u00e9guste aussi bien \u00e0 l\u2019ap\u00e9ritif qu\u2019\u00e0 table. Il accompagne parfaitement poissons, fruits de mer, salades, cuisine m\u00e9diterran\u00e9enne, plats v\u00e9g\u00e9tariens et fromages frais. Un vin blanc espagnol expressif et \u00e9quilibr\u00e9, id\u00e9al pour d\u00e9couvrir le caract\u00e8re authentique de la Terra Alta.<\/p>\n","protected":false},"excerpt":{"rendered":"<p>Le L\u2019Oratge Blanc 2022 du domaine De Haan Altes est un vin blanc espagnol de la D.O. Terra Alta, appellation situ\u00e9e en Catalogne, reconnue pour ses vins lumineux et expressifs. Issu principalement du c\u00e9page Garnacha Blanca, embl\u00e9matique de la r\u00e9gion, ce vin refl\u00e8te un terroir marqu\u00e9 par l\u2019altitude, les sols calcaires et l\u2019influence des vents, [&hellip;]<\/p>\n","protected":false},"featured_media":17148,"comment_status":"open","ping_status":"closed","template":"","meta":[],"product_brand":[],"product_cat":[41,365,138,680,56],"product_tag":[],"class_list":{"0":"post-17147","1":"product","2":"type-product","3":"status-publish","4":"has-post-thumbnail","6":"product_cat-blanc","7":"product_cat-categorie","8":"product_cat-couleurs","9":"product_cat-promo","10":"product_cat-vins-du-monde","12":"first","13":"instock","14":"sale","15":"taxable","16":"shipping-taxable","17":"purchasable","18":"product-type-simple"},"_links":{"self":[{"href":"https:\/\/www.lacavedeslecteurs.com\/index.php\/wp-json\/wp\/v2\/product\/17147","targetHints":{"allow":["GET"]}}],"collection":[{"href":"https:\/\/www.lacavedeslecteurs.com\/index.php\/wp-json\/wp\/v2\/product"}],"about":[{"href":"https:\/\/www.lacavedeslecteurs.com\/index.php\/wp-json\/wp\/v2\/types\/product"}],"replies":[{"embeddable":true,"href":"https:\/\/www.lacavedeslecteurs.com\/index.php\/wp-json\/wp\/v2\/comments?post=17147"}],"wp:featuredmedia":[{"embeddable":true,"href":"https:\/\/www.lacavedeslecteurs.com\/index.php\/wp-json\/wp\/v2\/media\/17148"}],"wp:attachment":[{"href":"https:\/\/www.lacavedeslecteurs.com\/index.php\/wp-json\/wp\/v2\/media?parent=17147"}],"wp:term":[{"taxonomy":"product_brand","embeddable":true,"href":"https:\/\/www.lacavedeslecteurs.com\/index.php\/wp-json\/wp\/v2\/product_brand?post=17147"},{"taxonomy":"product_cat","embeddable":true,"href":"https:\/\/www.lacavedeslecteurs.com\/index.php\/wp-json\/wp\/v2\/product_cat?post=17147"},{"taxonomy":"product_tag","embeddable":true,"href":"https:\/\/www.lacavedeslecteurs.com\/index.php\/wp-json\/wp\/v2\/product_tag?post=17147"}],"curies":[{"name":"wp","href":"https:\/\/api.w.org\/{rel}","templated":true}]}}