{"id":17149,"date":"2026-02-13T15:48:16","date_gmt":"2026-02-13T15:48:16","guid":{"rendered":"https:\/\/www.lacavedeslecteurs.com\/index.php\/product\/chateau-de-callac-2021\/"},"modified":"2026-02-16T10:05:08","modified_gmt":"2026-02-16T10:05:08","slug":"chateau-de-callac-2021","status":"publish","type":"product","link":"https:\/\/www.lacavedeslecteurs.com\/index.php\/product\/chateau-de-callac-2021\/","title":{"rendered":"Ch\u00e2teau de Callac 2021 - 2021"},"content":{"rendered":"<p>Le Ch\u00e2teau de Callac 2021 est un vin des Graves \u00e9labor\u00e9 au sud de Bordeaux, sur des sols graveleux typiques de l\u2019appellation, reconnus pour apporter fra\u00eecheur, finesse et expression aromatique aux vins. Le mill\u00e9sime 2021, plus temp\u00e9r\u00e9, met en avant l\u2019\u00e9quilibre et la pr\u00e9cision, offrant un style \u00e9l\u00e9gant et accessible, fid\u00e8le \u00e0 l\u2019identit\u00e9 des Graves.<\/p>\n<p>\u00c0 la d\u00e9gustation, ce Graves 2021 pr\u00e9sente une robe claire et lumineuse. Le nez est fin et expressif, marqu\u00e9 par des ar\u00f4mes de fruits \u00e0 chair blanche, d\u2019agrumes, de fleurs blanches, avec de subtiles notes min\u00e9rales. En bouche, l\u2019attaque est fra\u00eeche, la texture harmonieuse et \u00e9quilibr\u00e9e, avec une belle vivacit\u00e9 et une finale nette et agr\u00e9able.<\/p>\n<p>Polyvalent et convivial, le Ch\u00e2teau de Callac se d\u00e9guste aussi bien \u00e0 l\u2019ap\u00e9ritif qu\u2019\u00e0 table. Il accompagne parfaitement poissons, fruits de mer, volailles, salades compos\u00e9es et fromages frais. Un vin des Graves \u00e9l\u00e9gant et rafra\u00eechissant, id\u00e9al pour le plaisir du quotidien.<\/p>\n","protected":false},"excerpt":{"rendered":"<p>Le Ch\u00e2teau de Callac 2021 est un vin des Graves \u00e9labor\u00e9 au sud de Bordeaux, sur des sols graveleux typiques de l\u2019appellation, reconnus pour apporter fra\u00eecheur, finesse et expression aromatique aux vins. Le mill\u00e9sime 2021, plus temp\u00e9r\u00e9, met en avant l\u2019\u00e9quilibre et la pr\u00e9cision, offrant un style \u00e9l\u00e9gant et accessible, fid\u00e8le \u00e0 l\u2019identit\u00e9 des Graves. [&hellip;]<\/p>\n","protected":false},"featured_media":17150,"comment_status":"open","ping_status":"closed","template":"","meta":[],"product_brand":[],"product_cat":[20,365,138,680,27],"product_tag":[],"class_list":{"0":"post-17149","1":"product","2":"type-product","3":"status-publish","4":"has-post-thumbnail","6":"product_cat-bordeaux","7":"product_cat-categorie","8":"product_cat-couleurs","9":"product_cat-promo","10":"product_cat-rouge","12":"first","13":"instock","14":"sale","15":"taxable","16":"shipping-taxable","17":"purchasable","18":"product-type-simple"},"_links":{"self":[{"href":"https:\/\/www.lacavedeslecteurs.com\/index.php\/wp-json\/wp\/v2\/product\/17149","targetHints":{"allow":["GET"]}}],"collection":[{"href":"https:\/\/www.lacavedeslecteurs.com\/index.php\/wp-json\/wp\/v2\/product"}],"about":[{"href":"https:\/\/www.lacavedeslecteurs.com\/index.php\/wp-json\/wp\/v2\/types\/product"}],"replies":[{"embeddable":true,"href":"https:\/\/www.lacavedeslecteurs.com\/index.php\/wp-json\/wp\/v2\/comments?post=17149"}],"wp:featuredmedia":[{"embeddable":true,"href":"https:\/\/www.lacavedeslecteurs.com\/index.php\/wp-json\/wp\/v2\/media\/17150"}],"wp:attachment":[{"href":"https:\/\/www.lacavedeslecteurs.com\/index.php\/wp-json\/wp\/v2\/media?parent=17149"}],"wp:term":[{"taxonomy":"product_brand","embeddable":true,"href":"https:\/\/www.lacavedeslecteurs.com\/index.php\/wp-json\/wp\/v2\/product_brand?post=17149"},{"taxonomy":"product_cat","embeddable":true,"href":"https:\/\/www.lacavedeslecteurs.com\/index.php\/wp-json\/wp\/v2\/product_cat?post=17149"},{"taxonomy":"product_tag","embeddable":true,"href":"https:\/\/www.lacavedeslecteurs.com\/index.php\/wp-json\/wp\/v2\/product_tag?post=17149"}],"curies":[{"name":"wp","href":"https:\/\/api.w.org\/{rel}","templated":true}]}}