{"id":17151,"date":"2026-02-13T15:48:17","date_gmt":"2026-02-13T15:48:17","guid":{"rendered":"https:\/\/www.lacavedeslecteurs.com\/index.php\/product\/tour-du-haut-moulin-2020-haut-medoc\/"},"modified":"2026-02-16T10:04:28","modified_gmt":"2026-02-16T10:04:28","slug":"tour-du-haut-moulin-2020-haut-medoc","status":"publish","type":"product","link":"https:\/\/www.lacavedeslecteurs.com\/index.php\/product\/tour-du-haut-moulin-2020-haut-medoc\/","title":{"rendered":"Ch\u00e2teau Tour du Haut Moulin 2020 Haut-Medoc - 2020"},"content":{"rendered":"<p>Le Ch\u00e2teau Tour du Haut Moulin 2020 est un vin rouge du Haut-M\u00e9doc, appellation embl\u00e9matique de la rive gauche de Bordeaux, reconnue pour ses vins structur\u00e9s et \u00e9l\u00e9gants. Issu de sols graveleux typiques du M\u00e9doc, ce vin b\u00e9n\u00e9ficie d\u2019un terroir propice \u00e0 l\u2019expression des c\u00e9pages bordelais. Le mill\u00e9sime 2020, particuli\u00e8rement r\u00e9ussi, apporte concentration, maturit\u00e9 et \u00e9quilibre.<\/p>\n<p>\u00c0 la d\u00e9gustation, ce Haut-M\u00e9doc 2020 pr\u00e9sente une robe profonde et brillante. Le nez est expressif et harmonieux, marqu\u00e9 par des ar\u00f4mes de fruits noirs m\u00fbrs (cassis, m\u00fbre), de cerise, accompagn\u00e9s de notes bois\u00e9es discr\u00e8tes, de c\u00e8dre et d\u2019\u00e9pices. En bouche, la mati\u00e8re est structur\u00e9e mais accessible, avec des tanins fins et bien int\u00e9gr\u00e9s, une belle fra\u00eecheur et une finale persistante.<\/p>\n<p>D\u00e9j\u00e0 tr\u00e8s agr\u00e9able \u00e0 d\u00e9guster tout en offrant un bon potentiel de garde, le Ch\u00e2teau Tour du Haut Moulin accompagne parfaitement viandes rouges, agneau, plats en sauce, grillades et fromages affin\u00e9s. Un Haut-M\u00e9doc classique et \u00e9l\u00e9gant, fid\u00e8le au style m\u00e9docain et id\u00e9al pour les amateurs de Bordeaux structur\u00e9s.<\/p>\n","protected":false},"excerpt":{"rendered":"<p>Le Ch\u00e2teau Tour du Haut Moulin 2020 est un vin rouge du Haut-M\u00e9doc, appellation embl\u00e9matique de la rive gauche de Bordeaux, reconnue pour ses vins structur\u00e9s et \u00e9l\u00e9gants. Issu de sols graveleux typiques du M\u00e9doc, ce vin b\u00e9n\u00e9ficie d\u2019un terroir propice \u00e0 l\u2019expression des c\u00e9pages bordelais. Le mill\u00e9sime 2020, particuli\u00e8rement r\u00e9ussi, apporte concentration, maturit\u00e9 et [&hellip;]<\/p>\n","protected":false},"featured_media":17152,"comment_status":"open","ping_status":"closed","template":"","meta":[],"product_brand":[],"product_cat":[20,365,138,680,27],"product_tag":[],"class_list":{"0":"post-17151","1":"product","2":"type-product","3":"status-publish","4":"has-post-thumbnail","6":"product_cat-bordeaux","7":"product_cat-categorie","8":"product_cat-couleurs","9":"product_cat-promo","10":"product_cat-rouge","12":"first","13":"instock","14":"sale","15":"taxable","16":"shipping-taxable","17":"purchasable","18":"product-type-simple"},"_links":{"self":[{"href":"https:\/\/www.lacavedeslecteurs.com\/index.php\/wp-json\/wp\/v2\/product\/17151","targetHints":{"allow":["GET"]}}],"collection":[{"href":"https:\/\/www.lacavedeslecteurs.com\/index.php\/wp-json\/wp\/v2\/product"}],"about":[{"href":"https:\/\/www.lacavedeslecteurs.com\/index.php\/wp-json\/wp\/v2\/types\/product"}],"replies":[{"embeddable":true,"href":"https:\/\/www.lacavedeslecteurs.com\/index.php\/wp-json\/wp\/v2\/comments?post=17151"}],"wp:featuredmedia":[{"embeddable":true,"href":"https:\/\/www.lacavedeslecteurs.com\/index.php\/wp-json\/wp\/v2\/media\/17152"}],"wp:attachment":[{"href":"https:\/\/www.lacavedeslecteurs.com\/index.php\/wp-json\/wp\/v2\/media?parent=17151"}],"wp:term":[{"taxonomy":"product_brand","embeddable":true,"href":"https:\/\/www.lacavedeslecteurs.com\/index.php\/wp-json\/wp\/v2\/product_brand?post=17151"},{"taxonomy":"product_cat","embeddable":true,"href":"https:\/\/www.lacavedeslecteurs.com\/index.php\/wp-json\/wp\/v2\/product_cat?post=17151"},{"taxonomy":"product_tag","embeddable":true,"href":"https:\/\/www.lacavedeslecteurs.com\/index.php\/wp-json\/wp\/v2\/product_tag?post=17151"}],"curies":[{"name":"wp","href":"https:\/\/api.w.org\/{rel}","templated":true}]}}